{"id":681,"date":"2025-04-07T11:16:14","date_gmt":"2025-04-07T09:16:14","guid":{"rendered":"https:\/\/libertepolitique.com\/?page_id=681"},"modified":"2025-07-28T17:34:07","modified_gmt":"2025-07-28T15:34:07","slug":"mentions-legales","status":"publish","type":"page","link":"https:\/\/www.libertepolitique.com\/index.php\/mentions-legales\/","title":{"rendered":"Mentions l\u00e9gales"},"content":{"rendered":"\t\t<div data-elementor-type=\"wp-page\" data-elementor-id=\"681\" class=\"elementor elementor-681\">\n\t\t\t\t<div class=\"elementor-element elementor-element-c32b88b e-flex e-con-boxed wpr-particle-no wpr-jarallax-no wpr-parallax-no wpr-sticky-section-no e-con e-parent\" data-id=\"c32b88b\" data-element_type=\"container\" data-settings=\"{&quot;background_background&quot;:&quot;classic&quot;}\">\n\t\t\t\t\t<div class=\"e-con-inner\">\n\t\t<div class=\"elementor-element elementor-element-f49d4aa e-con-full e-flex wpr-particle-no wpr-jarallax-no wpr-parallax-no wpr-sticky-section-no e-con e-child\" data-id=\"f49d4aa\" data-element_type=\"container\">\n\t\t\t\t<div class=\"elementor-element elementor-element-dd3371d elementor-widget elementor-widget-heading\" data-id=\"dd3371d\" data-element_type=\"widget\" data-widget_type=\"heading.default\">\n\t\t\t\t<div class=\"elementor-widget-container\">\n\t\t\t\t\t<h1 class=\"elementor-heading-title elementor-size-default\">Mentions L\u00e9gales<\/h1>\t\t\t\t<\/div>\n\t\t\t\t<\/div>\n\t\t\t\t<div class=\"elementor-element elementor-element-e383f39 elementor-widget__width-auto elementor-widget-divider--view-line elementor-widget elementor-widget-divider\" data-id=\"e383f39\" data-element_type=\"widget\" data-widget_type=\"divider.default\">\n\t\t\t\t<div class=\"elementor-widget-container\">\n\t\t\t\t\t\t\t<div class=\"elementor-divider\">\n\t\t\t<span class=\"elementor-divider-separator\">\n\t\t\t\t\t\t<\/span>\n\t\t<\/div>\n\t\t\t\t\t\t<\/div>\n\t\t\t\t<\/div>\n\t\t\t\t<\/div>\n\t\t\t\t\t<\/div>\n\t\t\t\t<\/div>\n\t\t<div class=\"elementor-element elementor-element-5e3a235 e-flex e-con-boxed wpr-particle-no wpr-jarallax-no wpr-parallax-no wpr-sticky-section-no e-con e-parent\" data-id=\"5e3a235\" data-element_type=\"container\">\n\t\t\t\t\t<div class=\"e-con-inner\">\n\t\t\t\t<div class=\"elementor-element elementor-element-773c4be elementor-widget elementor-widget-heading\" data-id=\"773c4be\" data-element_type=\"widget\" data-widget_type=\"heading.default\">\n\t\t\t\t<div class=\"elementor-widget-container\">\n\t\t\t\t\t<h2 class=\"elementor-heading-title elementor-size-default\">\u00c9diteur<\/h2>\t\t\t\t<\/div>\n\t\t\t\t<\/div>\n\t\t\t\t<div class=\"elementor-element elementor-element-673dac6 elementor-widget elementor-widget-text-editor\" data-id=\"673dac6\" data-element_type=\"widget\" data-widget_type=\"text-editor.default\">\n\t\t\t\t<div class=\"elementor-widget-container\">\n\t\t\t\t\t\t\t\t\t<p>AFSP \u2013 Libert\u00e9 politique (association loi 1901 &#8211; RNA W751219310)<br \/>Zone industrielle synergie<br \/>45, 5\u00e8me avenue<br \/>BP3<br \/>45130 Meung-sur-Loire<br \/>E-mail : contact(arobase)libertepolitique.com<\/p>\t\t\t\t\t\t\t\t<\/div>\n\t\t\t\t<\/div>\n\t\t\t\t<div class=\"elementor-element elementor-element-a767e18 elementor-widget elementor-widget-heading\" data-id=\"a767e18\" data-element_type=\"widget\" data-widget_type=\"heading.default\">\n\t\t\t\t<div class=\"elementor-widget-container\">\n\t\t\t\t\t<h2 class=\"elementor-heading-title elementor-size-default\">H\u00e9bergement<\/h2>\t\t\t\t<\/div>\n\t\t\t\t<\/div>\n\t\t\t\t<div class=\"elementor-element elementor-element-582e253 elementor-widget elementor-widget-text-editor\" data-id=\"582e253\" data-element_type=\"widget\" data-widget_type=\"text-editor.default\">\n\t\t\t\t<div class=\"elementor-widget-container\">\n\t\t\t\t\t\t\t\t\t<p>OVH<br \/>RCS Lille M\u00e9tropole 424 761 419 00045<br \/>Code APE 2620Z<br \/>N\u00b0 TVA : FR 22 424 761 419<br \/>Si\u00e8ge social : 2 rue Kellermann &#8211; 59100 Roubaix &#8211; France<\/p><p>OVH SAS est une filiale de la soci\u00e9t\u00e9 OVH Groupe SA, soci\u00e9t\u00e9 immatricul\u00e9e au RCS de Lille sous le num\u00e9ro 537 407 926 sise 2, rue Kellermann, 59100 Roubaix.<\/p>\t\t\t\t\t\t\t\t<\/div>\n\t\t\t\t<\/div>\n\t\t\t\t<div class=\"elementor-element elementor-element-90578dd elementor-widget elementor-widget-heading\" data-id=\"90578dd\" data-element_type=\"widget\" data-widget_type=\"heading.default\">\n\t\t\t\t<div class=\"elementor-widget-container\">\n\t\t\t\t\t<h2 class=\"elementor-heading-title elementor-size-default\">Agence \/ Webmaster<\/h2>\t\t\t\t<\/div>\n\t\t\t\t<\/div>\n\t\t\t\t<div class=\"elementor-element elementor-element-dfa14f3 elementor-widget elementor-widget-text-editor\" data-id=\"dfa14f3\" data-element_type=\"widget\" data-widget_type=\"text-editor.default\">\n\t\t\t\t<div class=\"elementor-widget-container\">\n\t\t\t\t\t\t\t\t\t<p>Ludwig Grognet<\/p><p>T\u00e9l\u00e9phone : +33 (0)6 83 54 83 80<\/p><p><a href=\"http:\/\/www.ludwigvondesign.com\">www.ludwigvondesign.com<\/a><\/p>\t\t\t\t\t\t\t\t<\/div>\n\t\t\t\t<\/div>\n\t\t\t\t<div class=\"elementor-element elementor-element-45c7d18 elementor-widget elementor-widget-heading\" data-id=\"45c7d18\" data-element_type=\"widget\" data-widget_type=\"heading.default\">\n\t\t\t\t<div class=\"elementor-widget-container\">\n\t\t\t\t\t<h2 class=\"elementor-heading-title elementor-size-default\">Objectif et qualit\u00e9 des contenus<\/h2>\t\t\t\t<\/div>\n\t\t\t\t<\/div>\n\t\t\t\t<div class=\"elementor-element elementor-element-617c9ca elementor-widget elementor-widget-text-editor\" data-id=\"617c9ca\" data-element_type=\"widget\" data-widget_type=\"text-editor.default\">\n\t\t\t\t<div class=\"elementor-widget-container\">\n\t\t\t\t\t\t\t\t\t<p>Libert\u00e9 Politique s\u2019efforce de fournir sur le site www.libertepolitique.com les informations les plus pr\u00e9cises et \u00e0 jour possibles (sous r\u00e9serve de modifications apport\u00e9es depuis leur mise en ligne), mais ne saurait garantir l\u2019exactitude, la compl\u00e9tude et l\u2019actualit\u00e9 des informations diffus\u00e9es sur son site, qu\u2019elles soient de son fait ou du fait des tiers partenaires qui lui fournissent ces informations. En cons\u00e9quence, l\u2019internaute devra donc s\u2019assurer de l\u2019exactitude des informations et signaler toutes modifications du site qu\u2019il jugerait utile aupr\u00e8s de l\u2019<a href=\"https:\/\/www.libertepolitique.com\/contact\">administrateur du site.<\/a><\/p>\t\t\t\t\t\t\t\t<\/div>\n\t\t\t\t<\/div>\n\t\t\t\t\t<\/div>\n\t\t\t\t<\/div>\n\t\t\t\t<\/div>\n\t\t","protected":false},"excerpt":{"rendered":"<p>Mentions L\u00e9gales \u00c9diteur AFSP \u2013 Libert\u00e9 politique (association loi 1901 &#8211; RNA W751219310)Zone industrielle synergie45, 5\u00e8me avenueBP345130 Meung-sur-LoireE-mail : contact(arobase)libertepolitique.com H\u00e9bergement OVHRCS Lille M\u00e9tropole 424 761 419 00045Code APE 2620ZN\u00b0 TVA : FR 22 424 761 419Si\u00e8ge social : 2 rue Kellermann &#8211; 59100 Roubaix &#8211; France OVH SAS est une filiale de la soci\u00e9t\u00e9 OVH Groupe SA, soci\u00e9t\u00e9 immatricul\u00e9e au RCS de Lille sous le num\u00e9ro 537 407 926 sise 2, rue Kellermann, 59100 Roubaix. Agence \/ Webmaster Ludwig Grognet T\u00e9l\u00e9phone : +33 (0)6 83 54 83 80 www.ludwigvondesign.com Objectif et qualit\u00e9 des contenus Libert\u00e9 Politique s\u2019efforce de fournir sur le site www.libertepolitique.com les informations les plus pr\u00e9cises et \u00e0 jour possibles (sous r\u00e9serve de modifications apport\u00e9es depuis leur mise en ligne), mais ne saurait garantir l\u2019exactitude, la compl\u00e9tude et l\u2019actualit\u00e9 des informations diffus\u00e9es sur son site, qu\u2019elles soient de son fait ou du fait des tiers partenaires qui lui fournissent ces informations. En cons\u00e9quence, l\u2019internaute devra donc s\u2019assurer de l\u2019exactitude des informations et signaler toutes modifications du site qu\u2019il jugerait utile aupr\u00e8s de l\u2019administrateur du site.<\/p>\n","protected":false},"author":1,"featured_media":0,"parent":0,"menu_order":0,"comment_status":"closed","ping_status":"closed","template":"","meta":{"footnotes":""},"class_list":["post-681","page","type-page","status-publish","hentry"],"yoast_head":"<!-- This site is optimized with the Yoast SEO plugin v25.5 - https:\/\/yoast.com\/wordpress\/plugins\/seo\/ -->\n<title>Mentions l\u00e9gales - Blog<\/title>\n<meta name=\"robots\" content=\"index, follow, max-snippet:-1, max-image-preview:large, max-video-preview:-1\" \/>\n<link rel=\"canonical\" href=\"https:\/\/www.libertepolitique.com\/index.php\/mentions-legales\/\" \/>\n<meta property=\"og:locale\" content=\"fr_FR\" \/>\n<meta property=\"og:type\" content=\"article\" \/>\n<meta property=\"og:title\" content=\"Mentions l\u00e9gales - Blog\" \/>\n<meta property=\"og:description\" content=\"Mentions L\u00e9gales \u00c9diteur AFSP \u2013 Libert\u00e9 politique (association loi 1901 &#8211; RNA W751219310)Zone industrielle synergie45, 5\u00e8me avenueBP345130 Meung-sur-LoireE-mail : contact(arobase)libertepolitique.com H\u00e9bergement OVHRCS Lille M\u00e9tropole 424 761 419 00045Code APE 2620ZN\u00b0 TVA : FR 22 424 761 419Si\u00e8ge social : 2 rue Kellermann &#8211; 59100 Roubaix &#8211; France OVH SAS est une filiale de la soci\u00e9t\u00e9 OVH Groupe SA, soci\u00e9t\u00e9 immatricul\u00e9e au RCS de Lille sous le num\u00e9ro 537 407 926 sise 2, rue Kellermann, 59100 Roubaix. Agence \/ Webmaster Ludwig Grognet T\u00e9l\u00e9phone : +33 (0)6 83 54 83 80 www.ludwigvondesign.com Objectif et qualit\u00e9 des contenus Libert\u00e9 Politique s\u2019efforce de fournir sur le site www.libertepolitique.com les informations les plus pr\u00e9cises et \u00e0 jour possibles (sous r\u00e9serve de modifications apport\u00e9es depuis leur mise en ligne), mais ne saurait garantir l\u2019exactitude, la compl\u00e9tude et l\u2019actualit\u00e9 des informations diffus\u00e9es sur son site, qu\u2019elles soient de son fait ou du fait des tiers partenaires qui lui fournissent ces informations. En cons\u00e9quence, l\u2019internaute devra donc s\u2019assurer de l\u2019exactitude des informations et signaler toutes modifications du site qu\u2019il jugerait utile aupr\u00e8s de l\u2019administrateur du site.\" \/>\n<meta property=\"og:url\" content=\"https:\/\/www.libertepolitique.com\/index.php\/mentions-legales\/\" \/>\n<meta property=\"og:site_name\" content=\"Blog\" \/>\n<meta property=\"article:publisher\" content=\"https:\/\/www.facebook.com\/LiberTPolitique\" \/>\n<meta property=\"article:modified_time\" content=\"2025-07-28T15:34:07+00:00\" \/>\n<meta name=\"twitter:card\" content=\"summary_large_image\" \/>\n<meta name=\"twitter:site\" content=\"@LiberTPolitique\" \/>\n<meta name=\"twitter:label1\" content=\"Dur\u00e9e de lecture estim\u00e9e\" \/>\n\t<meta name=\"twitter:data1\" content=\"1 minute\" \/>\n<script type=\"application\/ld+json\" class=\"yoast-schema-graph\">{\"@context\":\"https:\/\/schema.org\",\"@graph\":[{\"@type\":\"WebPage\",\"@id\":\"https:\/\/www.libertepolitique.com\/index.php\/mentions-legales\/\",\"url\":\"https:\/\/www.libertepolitique.com\/index.php\/mentions-legales\/\",\"name\":\"Mentions l\u00e9gales - Blog\",\"isPartOf\":{\"@id\":\"https:\/\/www.libertepolitique.com\/#website\"},\"datePublished\":\"2025-04-07T09:16:14+00:00\",\"dateModified\":\"2025-07-28T15:34:07+00:00\",\"breadcrumb\":{\"@id\":\"https:\/\/www.libertepolitique.com\/index.php\/mentions-legales\/#breadcrumb\"},\"inLanguage\":\"fr-FR\",\"potentialAction\":[{\"@type\":\"ReadAction\",\"target\":[\"https:\/\/www.libertepolitique.com\/index.php\/mentions-legales\/\"]}]},{\"@type\":\"BreadcrumbList\",\"@id\":\"https:\/\/www.libertepolitique.com\/index.php\/mentions-legales\/#breadcrumb\",\"itemListElement\":[{\"@type\":\"ListItem\",\"position\":1,\"name\":\"Accueil\",\"item\":\"https:\/\/www.libertepolitique.com\/\"},{\"@type\":\"ListItem\",\"position\":2,\"name\":\"Mentions l\u00e9gales\"}]},{\"@type\":\"WebSite\",\"@id\":\"https:\/\/www.libertepolitique.com\/#website\",\"url\":\"https:\/\/www.libertepolitique.com\/\",\"name\":\"Libert\u00e9 Politique\",\"description\":\"Laboratoire d&#039;id\u00e9es au service du Bien Commun\",\"publisher\":{\"@id\":\"https:\/\/www.libertepolitique.com\/#organization\"},\"potentialAction\":[{\"@type\":\"SearchAction\",\"target\":{\"@type\":\"EntryPoint\",\"urlTemplate\":\"https:\/\/www.libertepolitique.com\/?s={search_term_string}\"},\"query-input\":{\"@type\":\"PropertyValueSpecification\",\"valueRequired\":true,\"valueName\":\"search_term_string\"}}],\"inLanguage\":\"fr-FR\"},{\"@type\":\"Organization\",\"@id\":\"https:\/\/www.libertepolitique.com\/#organization\",\"name\":\"Libert\u00e9 Politique\",\"url\":\"https:\/\/www.libertepolitique.com\/\",\"logo\":{\"@type\":\"ImageObject\",\"inLanguage\":\"fr-FR\",\"@id\":\"https:\/\/www.libertepolitique.com\/#\/schema\/logo\/image\/\",\"url\":\"https:\/\/www.libertepolitique.com\/wp-content\/uploads\/2024\/12\/logo-LP-vDEF.png\",\"contentUrl\":\"https:\/\/www.libertepolitique.com\/wp-content\/uploads\/2024\/12\/logo-LP-vDEF.png\",\"width\":1886,\"height\":1880,\"caption\":\"Libert\u00e9 Politique\"},\"image\":{\"@id\":\"https:\/\/www.libertepolitique.com\/#\/schema\/logo\/image\/\"},\"sameAs\":[\"https:\/\/www.facebook.com\/LiberTPolitique\",\"https:\/\/x.com\/LiberTPolitique\"]}]}<\/script>\n<!-- \/ Yoast SEO plugin. -->","yoast_head_json":{"title":"Mentions l\u00e9gales - Blog","robots":{"index":"index","follow":"follow","max-snippet":"max-snippet:-1","max-image-preview":"max-image-preview:large","max-video-preview":"max-video-preview:-1"},"canonical":"https:\/\/www.libertepolitique.com\/index.php\/mentions-legales\/","og_locale":"fr_FR","og_type":"article","og_title":"Mentions l\u00e9gales - Blog","og_description":"Mentions L\u00e9gales \u00c9diteur AFSP \u2013 Libert\u00e9 politique (association loi 1901 &#8211; RNA W751219310)Zone industrielle synergie45, 5\u00e8me avenueBP345130 Meung-sur-LoireE-mail : contact(arobase)libertepolitique.com H\u00e9bergement OVHRCS Lille M\u00e9tropole 424 761 419 00045Code APE 2620ZN\u00b0 TVA : FR 22 424 761 419Si\u00e8ge social : 2 rue Kellermann &#8211; 59100 Roubaix &#8211; France OVH SAS est une filiale de la soci\u00e9t\u00e9 OVH Groupe SA, soci\u00e9t\u00e9 immatricul\u00e9e au RCS de Lille sous le num\u00e9ro 537 407 926 sise 2, rue Kellermann, 59100 Roubaix. Agence \/ Webmaster Ludwig Grognet T\u00e9l\u00e9phone : +33 (0)6 83 54 83 80 www.ludwigvondesign.com Objectif et qualit\u00e9 des contenus Libert\u00e9 Politique s\u2019efforce de fournir sur le site www.libertepolitique.com les informations les plus pr\u00e9cises et \u00e0 jour possibles (sous r\u00e9serve de modifications apport\u00e9es depuis leur mise en ligne), mais ne saurait garantir l\u2019exactitude, la compl\u00e9tude et l\u2019actualit\u00e9 des informations diffus\u00e9es sur son site, qu\u2019elles soient de son fait ou du fait des tiers partenaires qui lui fournissent ces informations. En cons\u00e9quence, l\u2019internaute devra donc s\u2019assurer de l\u2019exactitude des informations et signaler toutes modifications du site qu\u2019il jugerait utile aupr\u00e8s de l\u2019administrateur du site.","og_url":"https:\/\/www.libertepolitique.com\/index.php\/mentions-legales\/","og_site_name":"Blog","article_publisher":"https:\/\/www.facebook.com\/LiberTPolitique","article_modified_time":"2025-07-28T15:34:07+00:00","twitter_card":"summary_large_image","twitter_site":"@LiberTPolitique","twitter_misc":{"Dur\u00e9e de lecture estim\u00e9e":"1 minute"},"schema":{"@context":"https:\/\/schema.org","@graph":[{"@type":"WebPage","@id":"https:\/\/www.libertepolitique.com\/index.php\/mentions-legales\/","url":"https:\/\/www.libertepolitique.com\/index.php\/mentions-legales\/","name":"Mentions l\u00e9gales - Blog","isPartOf":{"@id":"https:\/\/www.libertepolitique.com\/#website"},"datePublished":"2025-04-07T09:16:14+00:00","dateModified":"2025-07-28T15:34:07+00:00","breadcrumb":{"@id":"https:\/\/www.libertepolitique.com\/index.php\/mentions-legales\/#breadcrumb"},"inLanguage":"fr-FR","potentialAction":[{"@type":"ReadAction","target":["https:\/\/www.libertepolitique.com\/index.php\/mentions-legales\/"]}]},{"@type":"BreadcrumbList","@id":"https:\/\/www.libertepolitique.com\/index.php\/mentions-legales\/#breadcrumb","itemListElement":[{"@type":"ListItem","position":1,"name":"Accueil","item":"https:\/\/www.libertepolitique.com\/"},{"@type":"ListItem","position":2,"name":"Mentions l\u00e9gales"}]},{"@type":"WebSite","@id":"https:\/\/www.libertepolitique.com\/#website","url":"https:\/\/www.libertepolitique.com\/","name":"Libert\u00e9 Politique","description":"Laboratoire d&#039;id\u00e9es au service du Bien Commun","publisher":{"@id":"https:\/\/www.libertepolitique.com\/#organization"},"potentialAction":[{"@type":"SearchAction","target":{"@type":"EntryPoint","urlTemplate":"https:\/\/www.libertepolitique.com\/?s={search_term_string}"},"query-input":{"@type":"PropertyValueSpecification","valueRequired":true,"valueName":"search_term_string"}}],"inLanguage":"fr-FR"},{"@type":"Organization","@id":"https:\/\/www.libertepolitique.com\/#organization","name":"Libert\u00e9 Politique","url":"https:\/\/www.libertepolitique.com\/","logo":{"@type":"ImageObject","inLanguage":"fr-FR","@id":"https:\/\/www.libertepolitique.com\/#\/schema\/logo\/image\/","url":"https:\/\/www.libertepolitique.com\/wp-content\/uploads\/2024\/12\/logo-LP-vDEF.png","contentUrl":"https:\/\/www.libertepolitique.com\/wp-content\/uploads\/2024\/12\/logo-LP-vDEF.png","width":1886,"height":1880,"caption":"Libert\u00e9 Politique"},"image":{"@id":"https:\/\/www.libertepolitique.com\/#\/schema\/logo\/image\/"},"sameAs":["https:\/\/www.facebook.com\/LiberTPolitique","https:\/\/x.com\/LiberTPolitique"]}]}},"_links":{"self":[{"href":"https:\/\/www.libertepolitique.com\/index.php\/wp-json\/wp\/v2\/pages\/681","targetHints":{"allow":["GET"]}}],"collection":[{"href":"https:\/\/www.libertepolitique.com\/index.php\/wp-json\/wp\/v2\/pages"}],"about":[{"href":"https:\/\/www.libertepolitique.com\/index.php\/wp-json\/wp\/v2\/types\/page"}],"author":[{"embeddable":true,"href":"https:\/\/www.libertepolitique.com\/index.php\/wp-json\/wp\/v2\/users\/1"}],"replies":[{"embeddable":true,"href":"https:\/\/www.libertepolitique.com\/index.php\/wp-json\/wp\/v2\/comments?post=681"}],"version-history":[{"count":7,"href":"https:\/\/www.libertepolitique.com\/index.php\/wp-json\/wp\/v2\/pages\/681\/revisions"}],"predecessor-version":[{"id":2056,"href":"https:\/\/www.libertepolitique.com\/index.php\/wp-json\/wp\/v2\/pages\/681\/revisions\/2056"}],"wp:attachment":[{"href":"https:\/\/www.libertepolitique.com\/index.php\/wp-json\/wp\/v2\/media?parent=681"}],"curies":[{"name":"wp","href":"https:\/\/api.w.org\/{rel}","templated":true}]}}