{"id":655,"date":"2025-03-31T22:38:04","date_gmt":"2025-03-31T20:38:04","guid":{"rendered":"https:\/\/libertepolitique.com\/?page_id=655"},"modified":"2025-09-30T17:01:04","modified_gmt":"2025-09-30T15:01:04","slug":"les-cahiers","status":"publish","type":"page","link":"https:\/\/www.libertepolitique.com\/index.php\/les-cahiers\/","title":{"rendered":"Les cahiers de Libert\u00e9 politique"},"content":{"rendered":"\t\t<div data-elementor-type=\"wp-page\" data-elementor-id=\"655\" class=\"elementor elementor-655\">\n\t\t\t\t<div class=\"elementor-element elementor-element-a35559e e-flex e-con-boxed wpr-particle-no wpr-jarallax-no wpr-parallax-no wpr-sticky-section-no e-con e-parent\" data-id=\"a35559e\" data-element_type=\"container\" data-settings=\"{&quot;background_background&quot;:&quot;classic&quot;}\">\n\t\t\t\t\t<div class=\"e-con-inner\">\n\t\t<div class=\"elementor-element elementor-element-89e7502 e-con-full e-flex wpr-particle-no wpr-jarallax-no wpr-parallax-no wpr-sticky-section-no e-con e-child\" data-id=\"89e7502\" data-element_type=\"container\">\n\t\t\t\t<div class=\"elementor-element elementor-element-a4a6102 elementor-widget elementor-widget-heading\" data-id=\"a4a6102\" data-element_type=\"widget\" data-widget_type=\"heading.default\">\n\t\t\t\t<div class=\"elementor-widget-container\">\n\t\t\t\t\t<h1 class=\"elementor-heading-title elementor-size-default\">Les cahiers de Libert\u00e9 Politique<\/h1>\t\t\t\t<\/div>\n\t\t\t\t<\/div>\n\t\t\t\t<div class=\"elementor-element elementor-element-fd2be9a elementor-widget__width-auto elementor-widget-divider--view-line elementor-widget elementor-widget-divider\" data-id=\"fd2be9a\" data-element_type=\"widget\" data-widget_type=\"divider.default\">\n\t\t\t\t<div class=\"elementor-widget-container\">\n\t\t\t\t\t\t\t<div class=\"elementor-divider\">\n\t\t\t<span class=\"elementor-divider-separator\">\n\t\t\t\t\t\t<\/span>\n\t\t<\/div>\n\t\t\t\t\t\t<\/div>\n\t\t\t\t<\/div>\n\t\t\t\t<\/div>\n\t\t\t\t\t<\/div>\n\t\t\t\t<\/div>\n\t\t<div class=\"elementor-element elementor-element-9fa66dc e-flex e-con-boxed wpr-particle-no wpr-jarallax-no wpr-parallax-no wpr-sticky-section-no e-con e-parent\" data-id=\"9fa66dc\" data-element_type=\"container\">\n\t\t\t\t\t<div class=\"e-con-inner\">\n\t\t\t\t<div class=\"elementor-element elementor-element-0cc5ca4 premium-woo-product-align-center premium-woo-title-above-yes premium-qv-hidden-yes elementor-widget elementor-widget-premium-woo-products\" data-id=\"0cc5ca4\" data-element_type=\"widget\" data-widget_type=\"premium-woo-products.grid-6\">\n\t\t\t\t<div class=\"elementor-widget-container\">\n\t\t\t\t\t<div class=\"premium-woocommerce premium-woo-products-grid premium-woo-skin-grid-6 premium-woo-query-custom\" data-page-id=\"655\" data-skin=\"grid_6\" data-quick-view=\"\"><div class=\"premium-woo-products-inner premium-woo-product__hover-zoomin\"><ul class=\"products columns-3\">\n\r\n<li class=\" post-2776 product first instock shipping-taxable purchasable product-type-simple\">\r\n\t<div class=\"premium-woo-product-wrapper premium-con-lq__none\">\r\n\t\t<div class=\"premium-woo-product-thumbnail\"><a href=\"https:\/\/www.libertepolitique.com\/index.php\/produit\/extreme-gauche-realites-violences-et-reseaux\/\" class=\"woocommerce-LoopProduct-link woocommerce-loop-product__link\"><img decoding=\"async\" src=\"https:\/\/libertepolitique.com\/wp-content\/uploads\/2025\/09\/Couv-brochure-RVB.png\" alt=\"\"><\/a><div class=\"premium-woo-product-gallery-images\"><\/div><\/div><div class=\"premium-woo-products-details-wrap\"><a href=\"https:\/\/www.libertepolitique.com\/index.php\/produit\/extreme-gauche-realites-violences-et-reseaux\/\" class=\"premium-woo-product__link\"><h2 class=\"woocommerce-loop-product__title\">Extr\u00eame gauche \u2013 R\u00e9alit\u00e9s, violences et r\u00e9seaux<\/h2><\/a>\t\t\t<span class=\"premium-woo-product-category\">\r\n\t\t\t\tCahiers de Libert\u00e9 politique\t\t\t<\/span>\r\n\t\t\t<div class=\"premium-woo-product-info\">\n\t<span class=\"price\"><span class=\"woocommerce-Price-amount amount\"><bdi>10,00&nbsp;<span class=\"woocommerce-Price-currencySymbol\">&euro;<\/span><\/bdi><\/span><\/span>\n<\/div><div class=\"premium-woo-atc-button\" ><a href=\"?add-to-cart=2776\" aria-describedby=\"woocommerce_loop_add_to_cart_link_describedby_2776\" data-quantity=\"1\" class=\"button product_type_simple add_to_cart_button ajax_add_to_cart\" data-product_id=\"2776\" data-product_sku=\"\" aria-label=\"Ajouter au panier\u00a0: &ldquo;Extr\u00eame gauche \u2013 R\u00e9alit\u00e9s, violences et r\u00e9seaux&rdquo;\" rel=\"nofollow\" data-success_message=\"\u00ab\u00a0Extr\u00eame gauche \u2013 R\u00e9alit\u00e9s, violences et r\u00e9seaux\u00a0\u00bb a \u00e9t\u00e9 ajout\u00e9 \u00e0 votre panier\">Ajouter au panier<\/a>\t<span id=\"woocommerce_loop_add_to_cart_link_describedby_2776\" class=\"screen-reader-text\">\n\t\t\t<\/span>\n<\/div><\/div>\t<\/div>\r\n<\/li>\r\n\r\n<li class=\" post-986 product  instock shipping-taxable purchasable product-type-simple\">\r\n\t<div class=\"premium-woo-product-wrapper premium-con-lq__none\">\r\n\t\t<div class=\"premium-woo-product-thumbnail\"><a href=\"https:\/\/www.libertepolitique.com\/index.php\/produit\/ecoterrorisme-comprendre-et-evaluer-la-menace\/\" class=\"woocommerce-LoopProduct-link woocommerce-loop-product__link\"><img decoding=\"async\" src=\"https:\/\/libertepolitique.com\/wp-content\/uploads\/2025\/05\/brochure.png\" alt=\"\"><\/a><div class=\"premium-woo-product-gallery-images\"><\/div><\/div><div class=\"premium-woo-products-details-wrap\"><a href=\"https:\/\/www.libertepolitique.com\/index.php\/produit\/ecoterrorisme-comprendre-et-evaluer-la-menace\/\" class=\"premium-woo-product__link\"><h2 class=\"woocommerce-loop-product__title\">Ecoterrorisme ? Comprendre et \u00e9valuer la menace<\/h2><\/a>\t\t\t<span class=\"premium-woo-product-category\">\r\n\t\t\t\tCahiers de Libert\u00e9 politique\t\t\t<\/span>\r\n\t\t\t<div class=\"premium-woo-product-info\">\n\t<span class=\"price\"><span class=\"woocommerce-Price-amount amount\"><bdi>5,00&nbsp;<span class=\"woocommerce-Price-currencySymbol\">&euro;<\/span><\/bdi><\/span><\/span>\n<\/div><div class=\"premium-woo-atc-button\" data-variations=&quot;true&quot;><a href=\"?add-to-cart=986\" aria-describedby=\"woocommerce_loop_add_to_cart_link_describedby_986\" data-quantity=\"1\" class=\"button product_type_simple add_to_cart_button ajax_add_to_cart\" data-product_id=\"986\" data-product_sku=\"\" aria-label=\"Ajouter au panier\u00a0: &ldquo;Ecoterrorisme ? Comprendre et \u00e9valuer la menace&rdquo;\" rel=\"nofollow\" data-success_message=\"\u00ab\u00a0Ecoterrorisme ? Comprendre et \u00e9valuer la menace\u00a0\u00bb a \u00e9t\u00e9 ajout\u00e9 \u00e0 votre panier\">Ajouter au panier<\/a>\t<span id=\"woocommerce_loop_add_to_cart_link_describedby_986\" class=\"screen-reader-text\">\n\t\t\t<\/span>\n<\/div><\/div>\t<\/div>\r\n<\/li>\r\n<\/ul>\n<\/div><\/div>\t\t\t\t<\/div>\n\t\t\t\t<\/div>\n\t\t\t\t\t<\/div>\n\t\t\t\t<\/div>\n\t\t\t\t<\/div>\n\t\t","protected":false},"excerpt":{"rendered":"<p>Les cahiers de Libert\u00e9 Politique Extr\u00eame gauche \u2013 R\u00e9alit\u00e9s, violences et r\u00e9seaux (pr\u00e9vente) Cahiers de Libert\u00e9 politique 10,00&nbsp;&euro; Ajouter au panier Ecoterrorisme ? Comprendre et \u00e9valuer la menace Cahiers de Libert\u00e9 politique 5,00&nbsp;&euro; Ajouter au panier<\/p>\n","protected":false},"author":1,"featured_media":0,"parent":0,"menu_order":0,"comment_status":"closed","ping_status":"closed","template":"","meta":{"footnotes":""},"class_list":["post-655","page","type-page","status-publish","hentry"],"yoast_head":"<!-- This site is optimized with the Yoast SEO plugin v25.5 - https:\/\/yoast.com\/wordpress\/plugins\/seo\/ -->\n<title>Les Cahiers de Libert\u00e9 Politique | Blog<\/title>\n<meta name=\"description\" content=\"Retrouvez les cahiers de Libert\u00e9 Politique, une association regroupant des hommes et des femmes engag\u00e9s au service du Bien Commun.\" \/>\n<meta name=\"robots\" content=\"index, follow, max-snippet:-1, max-image-preview:large, max-video-preview:-1\" \/>\n<link rel=\"canonical\" href=\"https:\/\/www.libertepolitique.com\/index.php\/les-cahiers\/\" \/>\n<meta property=\"og:locale\" content=\"fr_FR\" \/>\n<meta property=\"og:type\" content=\"article\" \/>\n<meta property=\"og:title\" content=\"Les Cahiers de Libert\u00e9 Politique | Blog\" \/>\n<meta property=\"og:description\" content=\"Retrouvez les cahiers de Libert\u00e9 Politique, une association regroupant des hommes et des femmes engag\u00e9s au service du Bien Commun.\" \/>\n<meta property=\"og:url\" content=\"https:\/\/www.libertepolitique.com\/index.php\/les-cahiers\/\" \/>\n<meta property=\"og:site_name\" content=\"Blog\" \/>\n<meta property=\"article:publisher\" content=\"https:\/\/www.facebook.com\/LiberTPolitique\" \/>\n<meta property=\"article:modified_time\" content=\"2025-09-30T15:01:04+00:00\" \/>\n<meta property=\"og:image\" content=\"https:\/\/www.libertepolitique.com\/wp-content\/uploads\/2025\/09\/Couv-brochure-RVB.png\" \/>\n<meta name=\"twitter:card\" content=\"summary_large_image\" \/>\n<meta name=\"twitter:site\" content=\"@LiberTPolitique\" \/>\n<meta name=\"twitter:label1\" content=\"Dur\u00e9e de lecture estim\u00e9e\" \/>\n\t<meta name=\"twitter:data1\" content=\"1 minute\" \/>\n<script type=\"application\/ld+json\" class=\"yoast-schema-graph\">{\"@context\":\"https:\/\/schema.org\",\"@graph\":[{\"@type\":\"WebPage\",\"@id\":\"https:\/\/www.libertepolitique.com\/index.php\/les-cahiers\/\",\"url\":\"https:\/\/www.libertepolitique.com\/index.php\/les-cahiers\/\",\"name\":\"Les Cahiers de Libert\u00e9 Politique | Blog\",\"isPartOf\":{\"@id\":\"https:\/\/www.libertepolitique.com\/#website\"},\"primaryImageOfPage\":{\"@id\":\"https:\/\/www.libertepolitique.com\/index.php\/les-cahiers\/#primaryimage\"},\"image\":{\"@id\":\"https:\/\/www.libertepolitique.com\/index.php\/les-cahiers\/#primaryimage\"},\"thumbnailUrl\":\"https:\/\/www.libertepolitique.com\/wp-content\/uploads\/2025\/09\/Couv-brochure-RVB.png\",\"datePublished\":\"2025-03-31T20:38:04+00:00\",\"dateModified\":\"2025-09-30T15:01:04+00:00\",\"description\":\"Retrouvez les cahiers de Libert\u00e9 Politique, une association regroupant des hommes et des femmes engag\u00e9s au service du Bien Commun.\",\"breadcrumb\":{\"@id\":\"https:\/\/www.libertepolitique.com\/index.php\/les-cahiers\/#breadcrumb\"},\"inLanguage\":\"fr-FR\",\"potentialAction\":[{\"@type\":\"ReadAction\",\"target\":[\"https:\/\/www.libertepolitique.com\/index.php\/les-cahiers\/\"]}]},{\"@type\":\"ImageObject\",\"inLanguage\":\"fr-FR\",\"@id\":\"https:\/\/www.libertepolitique.com\/index.php\/les-cahiers\/#primaryimage\",\"url\":\"https:\/\/libertepolitique.com\/wp-content\/uploads\/2025\/09\/Couv-brochure-RVB.png\",\"contentUrl\":\"https:\/\/libertepolitique.com\/wp-content\/uploads\/2025\/09\/Couv-brochure-RVB.png\",\"width\":1056,\"height\":1482},{\"@type\":\"BreadcrumbList\",\"@id\":\"https:\/\/www.libertepolitique.com\/index.php\/les-cahiers\/#breadcrumb\",\"itemListElement\":[{\"@type\":\"ListItem\",\"position\":1,\"name\":\"Accueil\",\"item\":\"https:\/\/www.libertepolitique.com\/\"},{\"@type\":\"ListItem\",\"position\":2,\"name\":\"Les cahiers de Libert\u00e9 politique\"}]},{\"@type\":\"WebSite\",\"@id\":\"https:\/\/www.libertepolitique.com\/#website\",\"url\":\"https:\/\/www.libertepolitique.com\/\",\"name\":\"Libert\u00e9 Politique\",\"description\":\"Laboratoire d&#039;id\u00e9es au service du Bien Commun\",\"publisher\":{\"@id\":\"https:\/\/www.libertepolitique.com\/#organization\"},\"potentialAction\":[{\"@type\":\"SearchAction\",\"target\":{\"@type\":\"EntryPoint\",\"urlTemplate\":\"https:\/\/www.libertepolitique.com\/?s={search_term_string}\"},\"query-input\":{\"@type\":\"PropertyValueSpecification\",\"valueRequired\":true,\"valueName\":\"search_term_string\"}}],\"inLanguage\":\"fr-FR\"},{\"@type\":\"Organization\",\"@id\":\"https:\/\/www.libertepolitique.com\/#organization\",\"name\":\"Libert\u00e9 Politique\",\"url\":\"https:\/\/www.libertepolitique.com\/\",\"logo\":{\"@type\":\"ImageObject\",\"inLanguage\":\"fr-FR\",\"@id\":\"https:\/\/www.libertepolitique.com\/#\/schema\/logo\/image\/\",\"url\":\"https:\/\/www.libertepolitique.com\/wp-content\/uploads\/2024\/12\/logo-LP-vDEF.png\",\"contentUrl\":\"https:\/\/www.libertepolitique.com\/wp-content\/uploads\/2024\/12\/logo-LP-vDEF.png\",\"width\":1886,\"height\":1880,\"caption\":\"Libert\u00e9 Politique\"},\"image\":{\"@id\":\"https:\/\/www.libertepolitique.com\/#\/schema\/logo\/image\/\"},\"sameAs\":[\"https:\/\/www.facebook.com\/LiberTPolitique\",\"https:\/\/x.com\/LiberTPolitique\"]}]}<\/script>\n<!-- \/ Yoast SEO plugin. -->","yoast_head_json":{"title":"Les Cahiers de Libert\u00e9 Politique | Blog","description":"Retrouvez les cahiers de Libert\u00e9 Politique, une association regroupant des hommes et des femmes engag\u00e9s au service du Bien Commun.","robots":{"index":"index","follow":"follow","max-snippet":"max-snippet:-1","max-image-preview":"max-image-preview:large","max-video-preview":"max-video-preview:-1"},"canonical":"https:\/\/www.libertepolitique.com\/index.php\/les-cahiers\/","og_locale":"fr_FR","og_type":"article","og_title":"Les Cahiers de Libert\u00e9 Politique | Blog","og_description":"Retrouvez les cahiers de Libert\u00e9 Politique, une association regroupant des hommes et des femmes engag\u00e9s au service du Bien Commun.","og_url":"https:\/\/www.libertepolitique.com\/index.php\/les-cahiers\/","og_site_name":"Blog","article_publisher":"https:\/\/www.facebook.com\/LiberTPolitique","article_modified_time":"2025-09-30T15:01:04+00:00","og_image":[{"url":"https:\/\/www.libertepolitique.com\/wp-content\/uploads\/2025\/09\/Couv-brochure-RVB.png","type":"","width":"","height":""}],"twitter_card":"summary_large_image","twitter_site":"@LiberTPolitique","twitter_misc":{"Dur\u00e9e de lecture estim\u00e9e":"1 minute"},"schema":{"@context":"https:\/\/schema.org","@graph":[{"@type":"WebPage","@id":"https:\/\/www.libertepolitique.com\/index.php\/les-cahiers\/","url":"https:\/\/www.libertepolitique.com\/index.php\/les-cahiers\/","name":"Les Cahiers de Libert\u00e9 Politique | Blog","isPartOf":{"@id":"https:\/\/www.libertepolitique.com\/#website"},"primaryImageOfPage":{"@id":"https:\/\/www.libertepolitique.com\/index.php\/les-cahiers\/#primaryimage"},"image":{"@id":"https:\/\/www.libertepolitique.com\/index.php\/les-cahiers\/#primaryimage"},"thumbnailUrl":"https:\/\/www.libertepolitique.com\/wp-content\/uploads\/2025\/09\/Couv-brochure-RVB.png","datePublished":"2025-03-31T20:38:04+00:00","dateModified":"2025-09-30T15:01:04+00:00","description":"Retrouvez les cahiers de Libert\u00e9 Politique, une association regroupant des hommes et des femmes engag\u00e9s au service du Bien Commun.","breadcrumb":{"@id":"https:\/\/www.libertepolitique.com\/index.php\/les-cahiers\/#breadcrumb"},"inLanguage":"fr-FR","potentialAction":[{"@type":"ReadAction","target":["https:\/\/www.libertepolitique.com\/index.php\/les-cahiers\/"]}]},{"@type":"ImageObject","inLanguage":"fr-FR","@id":"https:\/\/www.libertepolitique.com\/index.php\/les-cahiers\/#primaryimage","url":"https:\/\/libertepolitique.com\/wp-content\/uploads\/2025\/09\/Couv-brochure-RVB.png","contentUrl":"https:\/\/libertepolitique.com\/wp-content\/uploads\/2025\/09\/Couv-brochure-RVB.png","width":1056,"height":1482},{"@type":"BreadcrumbList","@id":"https:\/\/www.libertepolitique.com\/index.php\/les-cahiers\/#breadcrumb","itemListElement":[{"@type":"ListItem","position":1,"name":"Accueil","item":"https:\/\/www.libertepolitique.com\/"},{"@type":"ListItem","position":2,"name":"Les cahiers de Libert\u00e9 politique"}]},{"@type":"WebSite","@id":"https:\/\/www.libertepolitique.com\/#website","url":"https:\/\/www.libertepolitique.com\/","name":"Libert\u00e9 Politique","description":"Laboratoire d&#039;id\u00e9es au service du Bien Commun","publisher":{"@id":"https:\/\/www.libertepolitique.com\/#organization"},"potentialAction":[{"@type":"SearchAction","target":{"@type":"EntryPoint","urlTemplate":"https:\/\/www.libertepolitique.com\/?s={search_term_string}"},"query-input":{"@type":"PropertyValueSpecification","valueRequired":true,"valueName":"search_term_string"}}],"inLanguage":"fr-FR"},{"@type":"Organization","@id":"https:\/\/www.libertepolitique.com\/#organization","name":"Libert\u00e9 Politique","url":"https:\/\/www.libertepolitique.com\/","logo":{"@type":"ImageObject","inLanguage":"fr-FR","@id":"https:\/\/www.libertepolitique.com\/#\/schema\/logo\/image\/","url":"https:\/\/www.libertepolitique.com\/wp-content\/uploads\/2024\/12\/logo-LP-vDEF.png","contentUrl":"https:\/\/www.libertepolitique.com\/wp-content\/uploads\/2024\/12\/logo-LP-vDEF.png","width":1886,"height":1880,"caption":"Libert\u00e9 Politique"},"image":{"@id":"https:\/\/www.libertepolitique.com\/#\/schema\/logo\/image\/"},"sameAs":["https:\/\/www.facebook.com\/LiberTPolitique","https:\/\/x.com\/LiberTPolitique"]}]}},"_links":{"self":[{"href":"https:\/\/www.libertepolitique.com\/index.php\/wp-json\/wp\/v2\/pages\/655","targetHints":{"allow":["GET"]}}],"collection":[{"href":"https:\/\/www.libertepolitique.com\/index.php\/wp-json\/wp\/v2\/pages"}],"about":[{"href":"https:\/\/www.libertepolitique.com\/index.php\/wp-json\/wp\/v2\/types\/page"}],"author":[{"embeddable":true,"href":"https:\/\/www.libertepolitique.com\/index.php\/wp-json\/wp\/v2\/users\/1"}],"replies":[{"embeddable":true,"href":"https:\/\/www.libertepolitique.com\/index.php\/wp-json\/wp\/v2\/comments?post=655"}],"version-history":[{"count":29,"href":"https:\/\/www.libertepolitique.com\/index.php\/wp-json\/wp\/v2\/pages\/655\/revisions"}],"predecessor-version":[{"id":3033,"href":"https:\/\/www.libertepolitique.com\/index.php\/wp-json\/wp\/v2\/pages\/655\/revisions\/3033"}],"wp:attachment":[{"href":"https:\/\/www.libertepolitique.com\/index.php\/wp-json\/wp\/v2\/media?parent=655"}],"curies":[{"name":"wp","href":"https:\/\/api.w.org\/{rel}","templated":true}]}}