{"id":651,"date":"2025-03-31T22:37:38","date_gmt":"2025-03-31T20:37:38","guid":{"rendered":"https:\/\/libertepolitique.com\/?page_id=651"},"modified":"2025-07-29T22:34:29","modified_gmt":"2025-07-29T20:34:29","slug":"sabonner","status":"publish","type":"page","link":"https:\/\/www.libertepolitique.com\/index.php\/sabonner\/","title":{"rendered":"S&rsquo;abonner"},"content":{"rendered":"\t\t<div data-elementor-type=\"wp-page\" data-elementor-id=\"651\" class=\"elementor elementor-651\">\n\t\t\t\t<div class=\"elementor-element elementor-element-4f85d26 e-flex e-con-boxed wpr-particle-no wpr-jarallax-no wpr-parallax-no wpr-sticky-section-no e-con e-parent\" data-id=\"4f85d26\" data-element_type=\"container\" data-settings=\"{&quot;background_background&quot;:&quot;classic&quot;}\">\n\t\t\t\t\t<div class=\"e-con-inner\">\n\t\t<div class=\"elementor-element elementor-element-211804e e-con-full e-flex wpr-particle-no wpr-jarallax-no wpr-parallax-no wpr-sticky-section-no e-con e-child\" data-id=\"211804e\" data-element_type=\"container\">\n\t\t\t\t<div class=\"elementor-element elementor-element-7b752c5 elementor-widget elementor-widget-heading\" data-id=\"7b752c5\" data-element_type=\"widget\" data-widget_type=\"heading.default\">\n\t\t\t\t<div class=\"elementor-widget-container\">\n\t\t\t\t\t<h1 class=\"elementor-heading-title elementor-size-default\">Abonnements<\/h1>\t\t\t\t<\/div>\n\t\t\t\t<\/div>\n\t\t\t\t<div class=\"elementor-element elementor-element-73b2f65 elementor-widget__width-auto elementor-widget-divider--view-line elementor-widget elementor-widget-divider\" data-id=\"73b2f65\" data-element_type=\"widget\" data-widget_type=\"divider.default\">\n\t\t\t\t<div class=\"elementor-widget-container\">\n\t\t\t\t\t\t\t<div class=\"elementor-divider\">\n\t\t\t<span class=\"elementor-divider-separator\">\n\t\t\t\t\t\t<\/span>\n\t\t<\/div>\n\t\t\t\t\t\t<\/div>\n\t\t\t\t<\/div>\n\t\t\t\t<\/div>\n\t\t\t\t<div class=\"elementor-element elementor-element-d3d0cff elementor-widget elementor-widget-text-editor\" data-id=\"d3d0cff\" data-element_type=\"widget\" data-widget_type=\"text-editor.default\">\n\t\t\t\t<div class=\"elementor-widget-container\">\n\t\t\t\t\t\t\t\t\t<p>Abonnez-vous \u00e0 la revue d&rsquo;id\u00e9es chr\u00e9tiennes !<\/p>\t\t\t\t\t\t\t\t<\/div>\n\t\t\t\t<\/div>\n\t\t\t\t\t<\/div>\n\t\t\t\t<\/div>\n\t\t<div class=\"elementor-element elementor-element-4b40e4b e-flex e-con-boxed wpr-particle-no wpr-jarallax-no wpr-parallax-no wpr-sticky-section-no e-con e-parent\" data-id=\"4b40e4b\" data-element_type=\"container\">\n\t\t\t\t\t<div class=\"e-con-inner\">\n\t\t<div class=\"elementor-element elementor-element-6b800b5 e-con-full e-flex wpr-particle-no wpr-jarallax-no wpr-parallax-no wpr-sticky-section-no e-con e-child\" data-id=\"6b800b5\" data-element_type=\"container\">\n\t\t\t\t<div class=\"elementor-element elementor-element-c4c12c4 elementor-widget elementor-widget-text-editor\" data-id=\"c4c12c4\" data-element_type=\"widget\" data-widget_type=\"text-editor.default\">\n\t\t\t\t<div class=\"elementor-widget-container\">\n\t\t\t\t\t\t\t\t\t<p>Libert\u00e9 politique, revue d&rsquo;id\u00e9es chr\u00e9tiennes, para\u00eet chaque trimestre et offre \u00e0 ses lecteurs des analyses approfondies de l&rsquo;actualit\u00e9, \u00e0 travers des regards crois\u00e9s issus de la philosophie, de l&rsquo;histoire et de la foi.<\/p><p>Elle est disponible en vente \u00e0 l&rsquo;unit\u00e9 ou bien sur abonnement.<\/p><p>R\u00e8glement en ligne ou par ch\u00e8que \u00e0 l&rsquo;adresse suivante : AFSP &#8211; Libert\u00e9 politique, Zone synergie, 45 &#8211; 5eme avenue &#8211; BP 3 &#8211; 45130 Meung-sur-Loire<\/p>\t\t\t\t\t\t\t\t<\/div>\n\t\t\t\t<\/div>\n\t\t\t\t<\/div>\n\t\t<div class=\"elementor-element elementor-element-36aad6f e-con-full e-flex wpr-particle-no wpr-jarallax-no wpr-parallax-no wpr-sticky-section-no e-con e-child\" data-id=\"36aad6f\" data-element_type=\"container\">\n\t\t\t\t<div class=\"elementor-element elementor-element-f5c2abc premium-woo-product-align-left premium-qv-hidden-yes elementor-widget elementor-widget-premium-woo-products\" data-id=\"f5c2abc\" data-element_type=\"widget\" data-settings=\"{&quot;products_show&quot;:4,&quot;products_show_tablet&quot;:2,&quot;products_show_mobile&quot;:1,&quot;products_on_scroll&quot;:1}\" data-widget_type=\"premium-woo-products.grid-1\">\n\t\t\t\t<div class=\"elementor-widget-container\">\n\t\t\t\t\t<div class=\"premium-carousel-hidden premium-woocommerce premium-woo-products-carousel premium-woo-skin-grid-1 premium-woo-query-custom\" data-woo_carousel=\"{&quot;slidesToShow&quot;:4,&quot;slidesToScroll&quot;:1,&quot;autoplaySpeed&quot;:3000,&quot;autoplay&quot;:false,&quot;infinite&quot;:true,&quot;pauseOnHover&quot;:false,&quot;speed&quot;:500,&quot;arrows&quot;:true,&quot;dots&quot;:true,&quot;rtl&quot;:false,&quot;prevArrow&quot;:&quot;&lt;a type=\\&quot;button\\&quot; data-role=\\&quot;none\\&quot; class=\\&quot;carousel-arrow carousel-prev\\&quot; aria-label=\\&quot;Previous\\&quot; role=\\&quot;button\\&quot; style=\\&quot;\\&quot;&gt;&lt;i class=\\&quot;fas fa-angle-left\\&quot; aria-hidden=\\&quot;true\\&quot;&gt;&lt;\\\/i&gt;&lt;\\\/a&gt;&quot;,&quot;nextArrow&quot;:&quot;&lt;a type=\\&quot;button\\&quot; data-role=\\&quot;none\\&quot; class=\\&quot;carousel-arrow carousel-next\\&quot; aria-label=\\&quot;Next\\&quot; role=\\&quot;button\\&quot; style=\\&quot;\\&quot;&gt;&lt;i class=\\&quot;fas fa-angle-right\\&quot; aria-hidden=\\&quot;true\\&quot;&gt;&lt;\\\/i&gt;&lt;\\\/a&gt;&quot;,&quot;responsive&quot;:[{&quot;breakpoint&quot;:1024,&quot;settings&quot;:{&quot;slidesToShow&quot;:2,&quot;slidesToScroll&quot;:2}},{&quot;breakpoint&quot;:767,&quot;settings&quot;:{&quot;slidesToShow&quot;:1,&quot;slidesToScroll&quot;:1}}]}\" data-page-id=\"651\" data-skin=\"grid_1\" data-quick-view=\"\"><div class=\"premium-woo-products-inner premium-woo-product__hover-swap\"><ul class=\"products columns-4\">\n\r\n<li class=\" post-831 product first instock shipping-taxable purchasable product-type-simple\">\r\n\t<div class=\"premium-woo-product-wrapper premium-con-lq__none\">\r\n\t\t<div class=\"premium-woo-product-thumbnail\"><a href=\"https:\/\/www.libertepolitique.com\/index.php\/produit\/abonnement-solidaire-etudiants-chomeurs-personnes-aux-difficultes-financieres-france\/\" class=\"woocommerce-LoopProduct-link woocommerce-loop-product__link\"><img decoding=\"async\" src=\"https:\/\/libertepolitique.com\/wp-content\/uploads\/2025\/04\/abo-solidaire-300x300.jpg\" alt=\"\"><\/a><\/div><div class=\"premium-woo-products-details-wrap\"><a href=\"https:\/\/www.libertepolitique.com\/index.php\/produit\/abonnement-solidaire-etudiants-chomeurs-personnes-aux-difficultes-financieres-france\/\" class=\"premium-woo-product__link\"><h2 class=\"woocommerce-loop-product__title\">Abonnement Solidaire (\u00e9tudiants, ch\u00f4meurs, personnes aux difficult\u00e9s financi\u00e8res) &#8211; France<\/h2><\/a>\n\t<span class=\"price\"><span class=\"woocommerce-Price-amount amount\"><bdi>35,00&nbsp;<span class=\"woocommerce-Price-currencySymbol\">&euro;<\/span><\/bdi><\/span><\/span>\n<div class=\"premium-woo-atc-button\" ><a href=\"?add-to-cart=831\" aria-describedby=\"woocommerce_loop_add_to_cart_link_describedby_831\" data-quantity=\"1\" class=\"button product_type_simple add_to_cart_button ajax_add_to_cart\" data-product_id=\"831\" data-product_sku=\"\" aria-label=\"Ajouter au panier\u00a0: &ldquo;Abonnement Solidaire (\u00e9tudiants, ch\u00f4meurs, personnes aux difficult\u00e9s financi\u00e8res) - France&rdquo;\" rel=\"nofollow\" data-success_message=\"\u00ab\u00a0Abonnement Solidaire (\u00e9tudiants, ch\u00f4meurs, personnes aux difficult\u00e9s financi\u00e8res) - France\u00a0\u00bb a \u00e9t\u00e9 ajout\u00e9 \u00e0 votre panier\">Ajouter au panier<\/a>\t<span id=\"woocommerce_loop_add_to_cart_link_describedby_831\" class=\"screen-reader-text\">\n\t\t\t<\/span>\n<\/div><\/div>\t<\/div>\r\n<\/li>\r\n\r\n<li class=\" post-827 product  instock shipping-taxable purchasable product-type-simple\">\r\n\t<div class=\"premium-woo-product-wrapper premium-con-lq__none\">\r\n\t\t<div class=\"premium-woo-product-thumbnail\"><a href=\"https:\/\/www.libertepolitique.com\/index.php\/produit\/abonnement-simple-france\/\" class=\"woocommerce-LoopProduct-link woocommerce-loop-product__link\"><img decoding=\"async\" src=\"https:\/\/libertepolitique.com\/wp-content\/uploads\/2025\/04\/abo-france1an-300x300.jpg\" alt=\"\"><\/a><\/div><div class=\"premium-woo-products-details-wrap\"><a href=\"https:\/\/www.libertepolitique.com\/index.php\/produit\/abonnement-simple-france\/\" class=\"premium-woo-product__link\"><h2 class=\"woocommerce-loop-product__title\">Abonnement simple (1 an \/ 4 num\u00e9ros) &#8211; France<\/h2><\/a>\n\t<span class=\"price\"><span class=\"woocommerce-Price-amount amount\"><bdi>50,00&nbsp;<span class=\"woocommerce-Price-currencySymbol\">&euro;<\/span><\/bdi><\/span><\/span>\n<div class=\"premium-woo-atc-button\" ><a href=\"?add-to-cart=827\" aria-describedby=\"woocommerce_loop_add_to_cart_link_describedby_827\" data-quantity=\"1\" class=\"button product_type_simple add_to_cart_button ajax_add_to_cart\" data-product_id=\"827\" data-product_sku=\"\" aria-label=\"Ajouter au panier\u00a0: &ldquo;Abonnement simple (1 an \/ 4 num\u00e9ros) - France&rdquo;\" rel=\"nofollow\" data-success_message=\"\u00ab\u00a0Abonnement simple (1 an \/ 4 num\u00e9ros) - France\u00a0\u00bb a \u00e9t\u00e9 ajout\u00e9 \u00e0 votre panier\">Ajouter au panier<\/a>\t<span id=\"woocommerce_loop_add_to_cart_link_describedby_827\" class=\"screen-reader-text\">\n\t\t\t<\/span>\n<\/div><\/div>\t<\/div>\r\n<\/li>\r\n\r\n<li class=\" post-1662 product  instock shipping-taxable purchasable product-type-simple\">\r\n\t<div class=\"premium-woo-product-wrapper premium-con-lq__none\">\r\n\t\t<div class=\"premium-woo-product-thumbnail\"><a href=\"https:\/\/www.libertepolitique.com\/index.php\/produit\/abonnement-simple-2-ans-8-numeros-france\/\" class=\"woocommerce-LoopProduct-link woocommerce-loop-product__link\"><img decoding=\"async\" src=\"https:\/\/libertepolitique.com\/wp-content\/uploads\/2025\/04\/abo-france2ans-300x300.jpg\" alt=\"\"><\/a><\/div><div class=\"premium-woo-products-details-wrap\"><a href=\"https:\/\/www.libertepolitique.com\/index.php\/produit\/abonnement-simple-2-ans-8-numeros-france\/\" class=\"premium-woo-product__link\"><h2 class=\"woocommerce-loop-product__title\">Abonnement simple (2 ans \/ 8 num\u00e9ros) &#8211; France<\/h2><\/a>\n\t<span class=\"price\"><span class=\"woocommerce-Price-amount amount\"><bdi>80,00&nbsp;<span class=\"woocommerce-Price-currencySymbol\">&euro;<\/span><\/bdi><\/span><\/span>\n<div class=\"premium-woo-atc-button\" ><a href=\"?add-to-cart=1662\" aria-describedby=\"woocommerce_loop_add_to_cart_link_describedby_1662\" data-quantity=\"1\" class=\"button product_type_simple add_to_cart_button ajax_add_to_cart\" data-product_id=\"1662\" data-product_sku=\"\" aria-label=\"Ajouter au panier\u00a0: &ldquo;Abonnement simple (2 ans \/ 8 num\u00e9ros) - France&rdquo;\" rel=\"nofollow\" data-success_message=\"\u00ab\u00a0Abonnement simple (2 ans \/ 8 num\u00e9ros) - France\u00a0\u00bb a \u00e9t\u00e9 ajout\u00e9 \u00e0 votre panier\">Ajouter au panier<\/a>\t<span id=\"woocommerce_loop_add_to_cart_link_describedby_1662\" class=\"screen-reader-text\">\n\t\t\t<\/span>\n<\/div><\/div>\t<\/div>\r\n<\/li>\r\n\r\n<li class=\" post-829 product last instock shipping-taxable purchasable product-type-simple\">\r\n\t<div class=\"premium-woo-product-wrapper premium-con-lq__none\">\r\n\t\t<div class=\"premium-woo-product-thumbnail\"><a href=\"https:\/\/www.libertepolitique.com\/index.php\/produit\/abonnement-simple-etranger\/\" class=\"woocommerce-LoopProduct-link woocommerce-loop-product__link\"><img decoding=\"async\" src=\"https:\/\/libertepolitique.com\/wp-content\/uploads\/2025\/04\/abo-etranger-300x300.jpg\" alt=\"\"><\/a><\/div><div class=\"premium-woo-products-details-wrap\"><a href=\"https:\/\/www.libertepolitique.com\/index.php\/produit\/abonnement-simple-etranger\/\" class=\"premium-woo-product__link\"><h2 class=\"woocommerce-loop-product__title\">Abonnement simple (1 an \/ 4 num\u00e9ros) &#8211; \u00c9tranger<\/h2><\/a>\n\t<span class=\"price\"><span class=\"woocommerce-Price-amount amount\"><bdi>90,00&nbsp;<span class=\"woocommerce-Price-currencySymbol\">&euro;<\/span><\/bdi><\/span><\/span>\n<div class=\"premium-woo-atc-button\" ><a href=\"?add-to-cart=829\" aria-describedby=\"woocommerce_loop_add_to_cart_link_describedby_829\" data-quantity=\"1\" class=\"button product_type_simple add_to_cart_button ajax_add_to_cart\" data-product_id=\"829\" data-product_sku=\"\" aria-label=\"Ajouter au panier\u00a0: &ldquo;Abonnement simple (1 an \/ 4 num\u00e9ros) - \u00c9tranger&rdquo;\" rel=\"nofollow\" data-success_message=\"\u00ab\u00a0Abonnement simple (1 an \/ 4 num\u00e9ros) - \u00c9tranger\u00a0\u00bb a \u00e9t\u00e9 ajout\u00e9 \u00e0 votre panier\">Ajouter au panier<\/a>\t<span id=\"woocommerce_loop_add_to_cart_link_describedby_829\" class=\"screen-reader-text\">\n\t\t\t<\/span>\n<\/div><\/div>\t<\/div>\r\n<\/li>\r\n<\/ul>\n<\/div><\/div>\t\t\t\t<\/div>\n\t\t\t\t<\/div>\n\t\t\t\t<\/div>\n\t\t\t\t\t<\/div>\n\t\t\t\t<\/div>\n\t\t\t\t<\/div>\n\t\t","protected":false},"excerpt":{"rendered":"<p>Abonnements Abonnez-vous \u00e0 la revue d&rsquo;id\u00e9es chr\u00e9tiennes ! Libert\u00e9 politique, revue d&rsquo;id\u00e9es chr\u00e9tiennes, para\u00eet chaque trimestre et offre \u00e0 ses lecteurs des analyses approfondies de l&rsquo;actualit\u00e9, \u00e0 travers des regards crois\u00e9s issus de la philosophie, de l&rsquo;histoire et de la foi. Elle est disponible en vente \u00e0 l&rsquo;unit\u00e9 ou bien sur abonnement. R\u00e8glement en ligne ou par ch\u00e8que \u00e0 l&rsquo;adresse suivante : AFSP &#8211; Libert\u00e9 politique, Zone synergie, 45 &#8211; 5eme avenue &#8211; BP 3 &#8211; 45130 Meung-sur-Loire Abonnement Solidaire (\u00e9tudiants, ch\u00f4meurs, personnes aux difficult\u00e9s financi\u00e8res) &#8211; France 35,00&nbsp;&euro; Ajouter au panier Abonnement simple (1 an \/ 4 num\u00e9ros) &#8211; France 50,00&nbsp;&euro; Ajouter au panier Abonnement simple (2 ans \/ 8 num\u00e9ros) &#8211; France 80,00&nbsp;&euro; Ajouter au panier Abonnement simple (1 an \/ 4 num\u00e9ros) &#8211; \u00c9tranger 90,00&nbsp;&euro; Ajouter au panier<\/p>\n","protected":false},"author":1,"featured_media":0,"parent":0,"menu_order":0,"comment_status":"closed","ping_status":"closed","template":"","meta":{"footnotes":""},"class_list":["post-651","page","type-page","status-publish","hentry"],"yoast_head":"<!-- This site is optimized with the Yoast SEO plugin v25.5 - https:\/\/yoast.com\/wordpress\/plugins\/seo\/ -->\n<title>S&#039;abonner - Blog<\/title>\n<meta name=\"robots\" content=\"index, follow, max-snippet:-1, max-image-preview:large, max-video-preview:-1\" \/>\n<link rel=\"canonical\" href=\"https:\/\/www.libertepolitique.com\/index.php\/sabonner\/\" \/>\n<meta property=\"og:locale\" content=\"fr_FR\" \/>\n<meta property=\"og:type\" content=\"article\" \/>\n<meta property=\"og:title\" content=\"S&#039;abonner - Blog\" \/>\n<meta property=\"og:description\" content=\"Abonnements Abonnez-vous \u00e0 la revue d&rsquo;id\u00e9es chr\u00e9tiennes ! Libert\u00e9 politique, revue d&rsquo;id\u00e9es chr\u00e9tiennes, para\u00eet chaque trimestre et offre \u00e0 ses lecteurs des analyses approfondies de l&rsquo;actualit\u00e9, \u00e0 travers des regards crois\u00e9s issus de la philosophie, de l&rsquo;histoire et de la foi. Elle est disponible en vente \u00e0 l&rsquo;unit\u00e9 ou bien sur abonnement. R\u00e8glement en ligne ou par ch\u00e8que \u00e0 l&rsquo;adresse suivante : AFSP &#8211; Libert\u00e9 politique, Zone synergie, 45 &#8211; 5eme avenue &#8211; BP 3 &#8211; 45130 Meung-sur-Loire Abonnement Solidaire (\u00e9tudiants, ch\u00f4meurs, personnes aux difficult\u00e9s financi\u00e8res) &#8211; France 35,00&nbsp;&euro; Ajouter au panier Abonnement simple (1 an \/ 4 num\u00e9ros) &#8211; France 50,00&nbsp;&euro; Ajouter au panier Abonnement simple (2 ans \/ 8 num\u00e9ros) &#8211; France 80,00&nbsp;&euro; Ajouter au panier Abonnement simple (1 an \/ 4 num\u00e9ros) &#8211; \u00c9tranger 90,00&nbsp;&euro; Ajouter au panier\" \/>\n<meta property=\"og:url\" content=\"https:\/\/www.libertepolitique.com\/index.php\/sabonner\/\" \/>\n<meta property=\"og:site_name\" content=\"Blog\" \/>\n<meta property=\"article:publisher\" content=\"https:\/\/www.facebook.com\/LiberTPolitique\" \/>\n<meta property=\"article:modified_time\" content=\"2025-07-29T20:34:29+00:00\" \/>\n<meta property=\"og:image\" content=\"https:\/\/www.libertepolitique.com\/wp-content\/uploads\/2025\/04\/abo-solidaire-300x300.jpg\" \/>\n<meta name=\"twitter:card\" content=\"summary_large_image\" \/>\n<meta name=\"twitter:site\" content=\"@LiberTPolitique\" \/>\n<meta name=\"twitter:label1\" content=\"Dur\u00e9e de lecture estim\u00e9e\" \/>\n\t<meta name=\"twitter:data1\" content=\"2 minutes\" \/>\n<script type=\"application\/ld+json\" class=\"yoast-schema-graph\">{\"@context\":\"https:\/\/schema.org\",\"@graph\":[{\"@type\":\"WebPage\",\"@id\":\"https:\/\/www.libertepolitique.com\/index.php\/sabonner\/\",\"url\":\"https:\/\/www.libertepolitique.com\/index.php\/sabonner\/\",\"name\":\"S'abonner - Blog\",\"isPartOf\":{\"@id\":\"https:\/\/www.libertepolitique.com\/#website\"},\"primaryImageOfPage\":{\"@id\":\"https:\/\/www.libertepolitique.com\/index.php\/sabonner\/#primaryimage\"},\"image\":{\"@id\":\"https:\/\/www.libertepolitique.com\/index.php\/sabonner\/#primaryimage\"},\"thumbnailUrl\":\"https:\/\/www.libertepolitique.com\/wp-content\/uploads\/2025\/04\/abo-solidaire-300x300.jpg\",\"datePublished\":\"2025-03-31T20:37:38+00:00\",\"dateModified\":\"2025-07-29T20:34:29+00:00\",\"breadcrumb\":{\"@id\":\"https:\/\/www.libertepolitique.com\/index.php\/sabonner\/#breadcrumb\"},\"inLanguage\":\"fr-FR\",\"potentialAction\":[{\"@type\":\"ReadAction\",\"target\":[\"https:\/\/www.libertepolitique.com\/index.php\/sabonner\/\"]}]},{\"@type\":\"ImageObject\",\"inLanguage\":\"fr-FR\",\"@id\":\"https:\/\/www.libertepolitique.com\/index.php\/sabonner\/#primaryimage\",\"url\":\"https:\/\/libertepolitique.com\/wp-content\/uploads\/2025\/04\/abo-solidaire.jpg\",\"contentUrl\":\"https:\/\/libertepolitique.com\/wp-content\/uploads\/2025\/04\/abo-solidaire.jpg\",\"width\":1600,\"height\":1600},{\"@type\":\"BreadcrumbList\",\"@id\":\"https:\/\/www.libertepolitique.com\/index.php\/sabonner\/#breadcrumb\",\"itemListElement\":[{\"@type\":\"ListItem\",\"position\":1,\"name\":\"Accueil\",\"item\":\"https:\/\/www.libertepolitique.com\/\"},{\"@type\":\"ListItem\",\"position\":2,\"name\":\"S&rsquo;abonner\"}]},{\"@type\":\"WebSite\",\"@id\":\"https:\/\/www.libertepolitique.com\/#website\",\"url\":\"https:\/\/www.libertepolitique.com\/\",\"name\":\"Libert\u00e9 Politique\",\"description\":\"Laboratoire d&#039;id\u00e9es au service du Bien Commun\",\"publisher\":{\"@id\":\"https:\/\/www.libertepolitique.com\/#organization\"},\"potentialAction\":[{\"@type\":\"SearchAction\",\"target\":{\"@type\":\"EntryPoint\",\"urlTemplate\":\"https:\/\/www.libertepolitique.com\/?s={search_term_string}\"},\"query-input\":{\"@type\":\"PropertyValueSpecification\",\"valueRequired\":true,\"valueName\":\"search_term_string\"}}],\"inLanguage\":\"fr-FR\"},{\"@type\":\"Organization\",\"@id\":\"https:\/\/www.libertepolitique.com\/#organization\",\"name\":\"Libert\u00e9 Politique\",\"url\":\"https:\/\/www.libertepolitique.com\/\",\"logo\":{\"@type\":\"ImageObject\",\"inLanguage\":\"fr-FR\",\"@id\":\"https:\/\/www.libertepolitique.com\/#\/schema\/logo\/image\/\",\"url\":\"https:\/\/www.libertepolitique.com\/wp-content\/uploads\/2024\/12\/logo-LP-vDEF.png\",\"contentUrl\":\"https:\/\/www.libertepolitique.com\/wp-content\/uploads\/2024\/12\/logo-LP-vDEF.png\",\"width\":1886,\"height\":1880,\"caption\":\"Libert\u00e9 Politique\"},\"image\":{\"@id\":\"https:\/\/www.libertepolitique.com\/#\/schema\/logo\/image\/\"},\"sameAs\":[\"https:\/\/www.facebook.com\/LiberTPolitique\",\"https:\/\/x.com\/LiberTPolitique\"]}]}<\/script>\n<!-- \/ Yoast SEO plugin. -->","yoast_head_json":{"title":"S'abonner - Blog","robots":{"index":"index","follow":"follow","max-snippet":"max-snippet:-1","max-image-preview":"max-image-preview:large","max-video-preview":"max-video-preview:-1"},"canonical":"https:\/\/www.libertepolitique.com\/index.php\/sabonner\/","og_locale":"fr_FR","og_type":"article","og_title":"S'abonner - Blog","og_description":"Abonnements Abonnez-vous \u00e0 la revue d&rsquo;id\u00e9es chr\u00e9tiennes ! Libert\u00e9 politique, revue d&rsquo;id\u00e9es chr\u00e9tiennes, para\u00eet chaque trimestre et offre \u00e0 ses lecteurs des analyses approfondies de l&rsquo;actualit\u00e9, \u00e0 travers des regards crois\u00e9s issus de la philosophie, de l&rsquo;histoire et de la foi. Elle est disponible en vente \u00e0 l&rsquo;unit\u00e9 ou bien sur abonnement. R\u00e8glement en ligne ou par ch\u00e8que \u00e0 l&rsquo;adresse suivante : AFSP &#8211; Libert\u00e9 politique, Zone synergie, 45 &#8211; 5eme avenue &#8211; BP 3 &#8211; 45130 Meung-sur-Loire Abonnement Solidaire (\u00e9tudiants, ch\u00f4meurs, personnes aux difficult\u00e9s financi\u00e8res) &#8211; France 35,00&nbsp;&euro; Ajouter au panier Abonnement simple (1 an \/ 4 num\u00e9ros) &#8211; France 50,00&nbsp;&euro; Ajouter au panier Abonnement simple (2 ans \/ 8 num\u00e9ros) &#8211; France 80,00&nbsp;&euro; Ajouter au panier Abonnement simple (1 an \/ 4 num\u00e9ros) &#8211; \u00c9tranger 90,00&nbsp;&euro; Ajouter au panier","og_url":"https:\/\/www.libertepolitique.com\/index.php\/sabonner\/","og_site_name":"Blog","article_publisher":"https:\/\/www.facebook.com\/LiberTPolitique","article_modified_time":"2025-07-29T20:34:29+00:00","og_image":[{"url":"https:\/\/www.libertepolitique.com\/wp-content\/uploads\/2025\/04\/abo-solidaire-300x300.jpg","type":"","width":"","height":""}],"twitter_card":"summary_large_image","twitter_site":"@LiberTPolitique","twitter_misc":{"Dur\u00e9e de lecture estim\u00e9e":"2 minutes"},"schema":{"@context":"https:\/\/schema.org","@graph":[{"@type":"WebPage","@id":"https:\/\/www.libertepolitique.com\/index.php\/sabonner\/","url":"https:\/\/www.libertepolitique.com\/index.php\/sabonner\/","name":"S'abonner - Blog","isPartOf":{"@id":"https:\/\/www.libertepolitique.com\/#website"},"primaryImageOfPage":{"@id":"https:\/\/www.libertepolitique.com\/index.php\/sabonner\/#primaryimage"},"image":{"@id":"https:\/\/www.libertepolitique.com\/index.php\/sabonner\/#primaryimage"},"thumbnailUrl":"https:\/\/www.libertepolitique.com\/wp-content\/uploads\/2025\/04\/abo-solidaire-300x300.jpg","datePublished":"2025-03-31T20:37:38+00:00","dateModified":"2025-07-29T20:34:29+00:00","breadcrumb":{"@id":"https:\/\/www.libertepolitique.com\/index.php\/sabonner\/#breadcrumb"},"inLanguage":"fr-FR","potentialAction":[{"@type":"ReadAction","target":["https:\/\/www.libertepolitique.com\/index.php\/sabonner\/"]}]},{"@type":"ImageObject","inLanguage":"fr-FR","@id":"https:\/\/www.libertepolitique.com\/index.php\/sabonner\/#primaryimage","url":"https:\/\/libertepolitique.com\/wp-content\/uploads\/2025\/04\/abo-solidaire.jpg","contentUrl":"https:\/\/libertepolitique.com\/wp-content\/uploads\/2025\/04\/abo-solidaire.jpg","width":1600,"height":1600},{"@type":"BreadcrumbList","@id":"https:\/\/www.libertepolitique.com\/index.php\/sabonner\/#breadcrumb","itemListElement":[{"@type":"ListItem","position":1,"name":"Accueil","item":"https:\/\/www.libertepolitique.com\/"},{"@type":"ListItem","position":2,"name":"S&rsquo;abonner"}]},{"@type":"WebSite","@id":"https:\/\/www.libertepolitique.com\/#website","url":"https:\/\/www.libertepolitique.com\/","name":"Libert\u00e9 Politique","description":"Laboratoire d&#039;id\u00e9es au service du Bien Commun","publisher":{"@id":"https:\/\/www.libertepolitique.com\/#organization"},"potentialAction":[{"@type":"SearchAction","target":{"@type":"EntryPoint","urlTemplate":"https:\/\/www.libertepolitique.com\/?s={search_term_string}"},"query-input":{"@type":"PropertyValueSpecification","valueRequired":true,"valueName":"search_term_string"}}],"inLanguage":"fr-FR"},{"@type":"Organization","@id":"https:\/\/www.libertepolitique.com\/#organization","name":"Libert\u00e9 Politique","url":"https:\/\/www.libertepolitique.com\/","logo":{"@type":"ImageObject","inLanguage":"fr-FR","@id":"https:\/\/www.libertepolitique.com\/#\/schema\/logo\/image\/","url":"https:\/\/www.libertepolitique.com\/wp-content\/uploads\/2024\/12\/logo-LP-vDEF.png","contentUrl":"https:\/\/www.libertepolitique.com\/wp-content\/uploads\/2024\/12\/logo-LP-vDEF.png","width":1886,"height":1880,"caption":"Libert\u00e9 Politique"},"image":{"@id":"https:\/\/www.libertepolitique.com\/#\/schema\/logo\/image\/"},"sameAs":["https:\/\/www.facebook.com\/LiberTPolitique","https:\/\/x.com\/LiberTPolitique"]}]}},"_links":{"self":[{"href":"https:\/\/www.libertepolitique.com\/index.php\/wp-json\/wp\/v2\/pages\/651","targetHints":{"allow":["GET"]}}],"collection":[{"href":"https:\/\/www.libertepolitique.com\/index.php\/wp-json\/wp\/v2\/pages"}],"about":[{"href":"https:\/\/www.libertepolitique.com\/index.php\/wp-json\/wp\/v2\/types\/page"}],"author":[{"embeddable":true,"href":"https:\/\/www.libertepolitique.com\/index.php\/wp-json\/wp\/v2\/users\/1"}],"replies":[{"embeddable":true,"href":"https:\/\/www.libertepolitique.com\/index.php\/wp-json\/wp\/v2\/comments?post=651"}],"version-history":[{"count":52,"href":"https:\/\/www.libertepolitique.com\/index.php\/wp-json\/wp\/v2\/pages\/651\/revisions"}],"predecessor-version":[{"id":1725,"href":"https:\/\/www.libertepolitique.com\/index.php\/wp-json\/wp\/v2\/pages\/651\/revisions\/1725"}],"wp:attachment":[{"href":"https:\/\/www.libertepolitique.com\/index.php\/wp-json\/wp\/v2\/media?parent=651"}],"curies":[{"name":"wp","href":"https:\/\/api.w.org\/{rel}","templated":true}]}}