{"id":10,"date":"2024-12-05T22:04:04","date_gmt":"2024-12-05T21:04:04","guid":{"rendered":"https:\/\/libertepolitique.com\/?page_id=10"},"modified":"2025-07-27T00:36:24","modified_gmt":"2025-07-26T22:36:24","slug":"contact","status":"publish","type":"page","link":"https:\/\/www.libertepolitique.com\/index.php\/contact\/","title":{"rendered":"Nous \u00e9crire"},"content":{"rendered":"\t\t<div data-elementor-type=\"wp-page\" data-elementor-id=\"10\" class=\"elementor elementor-10\">\n\t\t\t\t<div class=\"elementor-element elementor-element-44c18e1 e-flex e-con-boxed wpr-particle-no wpr-jarallax-no wpr-parallax-no wpr-sticky-section-no e-con e-parent\" data-id=\"44c18e1\" data-element_type=\"container\">\n\t\t\t\t\t<div class=\"e-con-inner\">\n\t\t\t\t<div class=\"elementor-element elementor-element-b3df577 elementor-widget elementor-widget-heading\" data-id=\"b3df577\" data-element_type=\"widget\" data-widget_type=\"heading.default\">\n\t\t\t\t<div class=\"elementor-widget-container\">\n\t\t\t\t\t<h1 class=\"elementor-heading-title elementor-size-default\">Contact<\/h1>\t\t\t\t<\/div>\n\t\t\t\t<\/div>\n\t\t\t\t<div class=\"elementor-element elementor-element-618b15c elementor-widget elementor-widget-text-editor\" data-id=\"618b15c\" data-element_type=\"widget\" data-widget_type=\"text-editor.default\">\n\t\t\t\t<div class=\"elementor-widget-container\">\n\t\t\t\t\t\t\t\t\t<p>Contactez notre \u00e9quipe par le biais du formulaire ou bien passer par les contacts list\u00e9s ci-dessous.<\/p>\t\t\t\t\t\t\t\t<\/div>\n\t\t\t\t<\/div>\n\t\t\t\t<div class=\"elementor-element elementor-element-66a73bd elementor-widget-divider--view-line elementor-widget elementor-widget-divider\" data-id=\"66a73bd\" data-element_type=\"widget\" data-widget_type=\"divider.default\">\n\t\t\t\t<div class=\"elementor-widget-container\">\n\t\t\t\t\t\t\t<div class=\"elementor-divider\">\n\t\t\t<span class=\"elementor-divider-separator\">\n\t\t\t\t\t\t<\/span>\n\t\t<\/div>\n\t\t\t\t\t\t<\/div>\n\t\t\t\t<\/div>\n\t\t\t\t\t<\/div>\n\t\t\t\t<\/div>\n\t\t<div class=\"elementor-element elementor-element-77c5b7a e-flex e-con-boxed wpr-particle-no wpr-jarallax-no wpr-parallax-no wpr-sticky-section-no e-con e-parent\" data-id=\"77c5b7a\" data-element_type=\"container\">\n\t\t\t\t\t<div class=\"e-con-inner\">\n\t\t<div class=\"elementor-element elementor-element-c0067ab e-con-full e-flex wpr-particle-no wpr-jarallax-no wpr-parallax-no wpr-sticky-section-no e-con e-child\" data-id=\"c0067ab\" data-element_type=\"container\">\n\t\t\t\t<div class=\"elementor-element elementor-element-1f9e771 elementor-widget elementor-widget-shortcode\" data-id=\"1f9e771\" data-element_type=\"widget\" data-widget_type=\"shortcode.default\">\n\t\t\t\t<div class=\"elementor-widget-container\">\n\t\t\t\t\t\t\t<div class=\"elementor-shortcode\">\n<div class=\"wpcf7 no-js\" id=\"wpcf7-f602-o1\" lang=\"fr-FR\" dir=\"ltr\" data-wpcf7-id=\"602\">\n<div class=\"screen-reader-response\"><p role=\"status\" aria-live=\"polite\" aria-atomic=\"true\"><\/p> <ul><\/ul><\/div>\n<form action=\"\/index.php\/wp-json\/wp\/v2\/pages\/10#wpcf7-f602-o1\" method=\"post\" class=\"wpcf7-form init\" aria-label=\"Formulaire de contact\" novalidate=\"novalidate\" data-status=\"init\">\n<div style=\"display: none;\">\n<input type=\"hidden\" name=\"_wpcf7\" value=\"602\" \/>\n<input type=\"hidden\" name=\"_wpcf7_version\" value=\"6.0.5\" \/>\n<input type=\"hidden\" name=\"_wpcf7_locale\" value=\"fr_FR\" \/>\n<input type=\"hidden\" name=\"_wpcf7_unit_tag\" value=\"wpcf7-f602-o1\" \/>\n<input type=\"hidden\" name=\"_wpcf7_container_post\" value=\"0\" \/>\n<input type=\"hidden\" name=\"_wpcf7_posted_data_hash\" value=\"\" \/>\n<input type=\"hidden\" name=\"_wpcf7_recaptcha_response\" value=\"\" \/>\n<\/div>\n<p><label> <strong>Votre nom<\/strong><br \/>\n<span class=\"wpcf7-form-control-wrap\" data-name=\"your-name\"><input size=\"40\" maxlength=\"400\" class=\"wpcf7-form-control wpcf7-text wpcf7-validates-as-required\" autocomplete=\"name\" aria-required=\"true\" aria-invalid=\"false\" value=\"\" type=\"text\" name=\"your-name\" \/><\/span> <\/label>\n<\/p>\n<p><label> <strong>Votre e-mail<\/strong><br \/>\n<span class=\"wpcf7-form-control-wrap\" data-name=\"your-email\"><input size=\"40\" maxlength=\"400\" class=\"wpcf7-form-control wpcf7-email wpcf7-validates-as-required wpcf7-text wpcf7-validates-as-email\" autocomplete=\"email\" aria-required=\"true\" aria-invalid=\"false\" value=\"\" type=\"email\" name=\"your-email\" \/><\/span> <\/label>\n<\/p>\n<p><label> <strong>Objet<\/strong><br \/>\n<span class=\"wpcf7-form-control-wrap\" data-name=\"your-subject\"><input size=\"40\" maxlength=\"400\" class=\"wpcf7-form-control wpcf7-text wpcf7-validates-as-required\" aria-required=\"true\" aria-invalid=\"false\" value=\"\" type=\"text\" name=\"your-subject\" \/><\/span> <\/label>\n<\/p>\n<p><label> <strong>Votre message<\/strong> (facultatif)<br \/>\n<span class=\"wpcf7-form-control-wrap\" data-name=\"your-message\"><textarea cols=\"40\" rows=\"10\" maxlength=\"2000\" class=\"wpcf7-form-control wpcf7-textarea\" aria-invalid=\"false\" name=\"your-message\"><\/textarea><\/span> <\/label>\n<\/p>\n<p><strong>Accord RGPD<\/strong>*<br \/>\n<span class=\"wpcf7-form-control-wrap\" data-name=\"checkbox-757\"><span class=\"wpcf7-form-control wpcf7-checkbox wpcf7-validates-as-required checkbox-757\"><span class=\"wpcf7-list-item first last\"><label><input type=\"checkbox\" name=\"checkbox-757[]\" value=\"Je consens \u00e0 la collecte et au traitement de mes donn\u00e9es personnelles afin que Libert\u00e9 Politique puisse r\u00e9pondre \u00e0 ma requ\u00eate.\" \/><span class=\"wpcf7-list-item-label\">Je consens \u00e0 la collecte et au traitement de mes donn\u00e9es personnelles afin que Libert\u00e9 Politique puisse r\u00e9pondre \u00e0 ma requ\u00eate.<\/span><\/label><\/span><\/span><\/span>\n<\/p>\n<p><input class=\"wpcf7-form-control wpcf7-submit has-spinner\" type=\"submit\" value=\"Envoyer\" \/>\n<\/p><div class=\"wpcf7-response-output\" aria-hidden=\"true\"><\/div>\n<\/form>\n<\/div>\n<\/div>\n\t\t\t\t\t\t<\/div>\n\t\t\t\t<\/div>\n\t\t\t\t<\/div>\n\t\t<div class=\"elementor-element elementor-element-2f46507 e-con-full e-flex wpr-particle-no wpr-jarallax-no wpr-parallax-no wpr-sticky-section-no e-con e-child\" data-id=\"2f46507\" data-element_type=\"container\">\n\t\t\t\t<div class=\"elementor-element elementor-element-090e405 elementor-widget elementor-widget-heading\" data-id=\"090e405\" data-element_type=\"widget\" data-widget_type=\"heading.default\">\n\t\t\t\t<div class=\"elementor-widget-container\">\n\t\t\t\t\t<h2 class=\"elementor-heading-title elementor-size-default\">Administration et abonnements :<\/h2>\t\t\t\t<\/div>\n\t\t\t\t<\/div>\n\t\t\t\t<div class=\"elementor-element elementor-element-aec7194 elementor-widget elementor-widget-text-editor\" data-id=\"aec7194\" data-element_type=\"widget\" data-widget_type=\"text-editor.default\">\n\t\t\t\t<div class=\"elementor-widget-container\">\n\t\t\t\t\t\t\t\t\t<p>AFSP &#8211; Libert\u00e9 politique<br \/>Zone industrielle synergie<br \/>45, 5\u00e8me avenue<br \/>BP3<br \/>45130 Meung-sur-Loire<br \/>E-mail : contact(arobase)libertepolitique.com<\/p>\t\t\t\t\t\t\t\t<\/div>\n\t\t\t\t<\/div>\n\t\t\t\t<div class=\"elementor-element elementor-element-44bfd4c elementor-widget elementor-widget-heading\" data-id=\"44bfd4c\" data-element_type=\"widget\" data-widget_type=\"heading.default\">\n\t\t\t\t<div class=\"elementor-widget-container\">\n\t\t\t\t\t<h2 class=\"elementor-heading-title elementor-size-default\">Relations publiques et service de presse :\n<\/h2>\t\t\t\t<\/div>\n\t\t\t\t<\/div>\n\t\t\t\t<div class=\"elementor-element elementor-element-a373f25 elementor-widget elementor-widget-text-editor\" data-id=\"a373f25\" data-element_type=\"widget\" data-widget_type=\"text-editor.default\">\n\t\t\t\t<div class=\"elementor-widget-container\">\n\t\t\t\t\t\t\t\t\t<p>AFSP &#8211; Libert\u00e9 politique<br \/>Zone industrielle synergie<br \/>45, 5\u00e8me avenue<br \/>BP3<br \/>45130 Meung-sur-Loire<\/p>\t\t\t\t\t\t\t\t<\/div>\n\t\t\t\t<\/div>\n\t\t\t\t<div class=\"elementor-element elementor-element-6293f91 elementor-widget elementor-widget-heading\" data-id=\"6293f91\" data-element_type=\"widget\" data-widget_type=\"heading.default\">\n\t\t\t\t<div class=\"elementor-widget-container\">\n\t\t\t\t\t<h2 class=\"elementor-heading-title elementor-size-default\">Publications et site internet :\n<\/h2>\t\t\t\t<\/div>\n\t\t\t\t<\/div>\n\t\t\t\t<div class=\"elementor-element elementor-element-33339b9 elementor-widget elementor-widget-text-editor\" data-id=\"33339b9\" data-element_type=\"widget\" data-widget_type=\"text-editor.default\">\n\t\t\t\t<div class=\"elementor-widget-container\">\n\t\t\t\t\t\t\t\t\t<p>AFSP &#8211; Libert\u00e9 politique<br \/>Zone industrielle synergie<br \/>45, 5\u00e8me avenue<br \/>BP3<br \/>45130 Meung-sur-Loire<br \/>E-mail : contact(arobase)libertepolitique.com<\/p>\t\t\t\t\t\t\t\t<\/div>\n\t\t\t\t<\/div>\n\t\t\t\t<\/div>\n\t\t\t\t\t<\/div>\n\t\t\t\t<\/div>\n\t\t\t\t<\/div>\n\t\t","protected":false},"excerpt":{"rendered":"<p>Contact Contactez notre \u00e9quipe par le biais du formulaire ou bien passer par les contacts list\u00e9s ci-dessous. Administration et abonnements : AFSP &#8211; Libert\u00e9 politiqueZone industrielle synergie45, 5\u00e8me avenueBP345130 Meung-sur-LoireE-mail : contact(arobase)libertepolitique.com Relations publiques et service de presse : AFSP &#8211; Libert\u00e9 politiqueZone industrielle synergie45, 5\u00e8me avenueBP345130 Meung-sur-Loire Publications et site internet : AFSP &#8211; Libert\u00e9 politiqueZone industrielle synergie45, 5\u00e8me avenueBP345130 Meung-sur-LoireE-mail : contact(arobase)libertepolitique.com<\/p>\n","protected":false},"author":1,"featured_media":0,"parent":0,"menu_order":0,"comment_status":"closed","ping_status":"closed","template":"","meta":{"footnotes":""},"class_list":["post-10","page","type-page","status-publish","hentry"],"yoast_head":"<!-- This site is optimized with the Yoast SEO plugin v25.5 - https:\/\/yoast.com\/wordpress\/plugins\/seo\/ -->\n<title>Nous \u00e9crire - Blog<\/title>\n<meta name=\"robots\" content=\"index, follow, max-snippet:-1, max-image-preview:large, max-video-preview:-1\" \/>\n<link rel=\"canonical\" href=\"https:\/\/www.libertepolitique.com\/index.php\/contact\/\" \/>\n<meta property=\"og:locale\" content=\"fr_FR\" \/>\n<meta property=\"og:type\" content=\"article\" \/>\n<meta property=\"og:title\" content=\"Nous \u00e9crire - Blog\" \/>\n<meta property=\"og:description\" content=\"Contact Contactez notre \u00e9quipe par le biais du formulaire ou bien passer par les contacts list\u00e9s ci-dessous. Administration et abonnements : AFSP &#8211; Libert\u00e9 politiqueZone industrielle synergie45, 5\u00e8me avenueBP345130 Meung-sur-LoireE-mail : contact(arobase)libertepolitique.com Relations publiques et service de presse : AFSP &#8211; Libert\u00e9 politiqueZone industrielle synergie45, 5\u00e8me avenueBP345130 Meung-sur-Loire Publications et site internet : AFSP &#8211; Libert\u00e9 politiqueZone industrielle synergie45, 5\u00e8me avenueBP345130 Meung-sur-LoireE-mail : contact(arobase)libertepolitique.com\" \/>\n<meta property=\"og:url\" content=\"https:\/\/www.libertepolitique.com\/index.php\/contact\/\" \/>\n<meta property=\"og:site_name\" content=\"Blog\" \/>\n<meta property=\"article:publisher\" content=\"https:\/\/www.facebook.com\/LiberTPolitique\" \/>\n<meta property=\"article:modified_time\" content=\"2025-07-26T22:36:24+00:00\" \/>\n<meta name=\"twitter:card\" content=\"summary_large_image\" \/>\n<meta name=\"twitter:site\" content=\"@LiberTPolitique\" \/>\n<script type=\"application\/ld+json\" class=\"yoast-schema-graph\">{\"@context\":\"https:\/\/schema.org\",\"@graph\":[{\"@type\":\"WebPage\",\"@id\":\"https:\/\/www.libertepolitique.com\/index.php\/contact\/\",\"url\":\"https:\/\/www.libertepolitique.com\/index.php\/contact\/\",\"name\":\"Nous \u00e9crire - Blog\",\"isPartOf\":{\"@id\":\"https:\/\/www.libertepolitique.com\/#website\"},\"datePublished\":\"2024-12-05T21:04:04+00:00\",\"dateModified\":\"2025-07-26T22:36:24+00:00\",\"breadcrumb\":{\"@id\":\"https:\/\/www.libertepolitique.com\/index.php\/contact\/#breadcrumb\"},\"inLanguage\":\"fr-FR\",\"potentialAction\":[{\"@type\":\"ReadAction\",\"target\":[\"https:\/\/www.libertepolitique.com\/index.php\/contact\/\"]}]},{\"@type\":\"BreadcrumbList\",\"@id\":\"https:\/\/www.libertepolitique.com\/index.php\/contact\/#breadcrumb\",\"itemListElement\":[{\"@type\":\"ListItem\",\"position\":1,\"name\":\"Accueil\",\"item\":\"https:\/\/www.libertepolitique.com\/\"},{\"@type\":\"ListItem\",\"position\":2,\"name\":\"Nous \u00e9crire\"}]},{\"@type\":\"WebSite\",\"@id\":\"https:\/\/www.libertepolitique.com\/#website\",\"url\":\"https:\/\/www.libertepolitique.com\/\",\"name\":\"Libert\u00e9 Politique\",\"description\":\"Laboratoire d&#039;id\u00e9es au service du Bien Commun\",\"publisher\":{\"@id\":\"https:\/\/www.libertepolitique.com\/#organization\"},\"potentialAction\":[{\"@type\":\"SearchAction\",\"target\":{\"@type\":\"EntryPoint\",\"urlTemplate\":\"https:\/\/www.libertepolitique.com\/?s={search_term_string}\"},\"query-input\":{\"@type\":\"PropertyValueSpecification\",\"valueRequired\":true,\"valueName\":\"search_term_string\"}}],\"inLanguage\":\"fr-FR\"},{\"@type\":\"Organization\",\"@id\":\"https:\/\/www.libertepolitique.com\/#organization\",\"name\":\"Libert\u00e9 Politique\",\"url\":\"https:\/\/www.libertepolitique.com\/\",\"logo\":{\"@type\":\"ImageObject\",\"inLanguage\":\"fr-FR\",\"@id\":\"https:\/\/www.libertepolitique.com\/#\/schema\/logo\/image\/\",\"url\":\"https:\/\/www.libertepolitique.com\/wp-content\/uploads\/2024\/12\/logo-LP-vDEF.png\",\"contentUrl\":\"https:\/\/www.libertepolitique.com\/wp-content\/uploads\/2024\/12\/logo-LP-vDEF.png\",\"width\":1886,\"height\":1880,\"caption\":\"Libert\u00e9 Politique\"},\"image\":{\"@id\":\"https:\/\/www.libertepolitique.com\/#\/schema\/logo\/image\/\"},\"sameAs\":[\"https:\/\/www.facebook.com\/LiberTPolitique\",\"https:\/\/x.com\/LiberTPolitique\"]}]}<\/script>\n<!-- \/ Yoast SEO plugin. -->","yoast_head_json":{"title":"Nous \u00e9crire - Blog","robots":{"index":"index","follow":"follow","max-snippet":"max-snippet:-1","max-image-preview":"max-image-preview:large","max-video-preview":"max-video-preview:-1"},"canonical":"https:\/\/www.libertepolitique.com\/index.php\/contact\/","og_locale":"fr_FR","og_type":"article","og_title":"Nous \u00e9crire - Blog","og_description":"Contact Contactez notre \u00e9quipe par le biais du formulaire ou bien passer par les contacts list\u00e9s ci-dessous. Administration et abonnements : AFSP &#8211; Libert\u00e9 politiqueZone industrielle synergie45, 5\u00e8me avenueBP345130 Meung-sur-LoireE-mail : contact(arobase)libertepolitique.com Relations publiques et service de presse : AFSP &#8211; Libert\u00e9 politiqueZone industrielle synergie45, 5\u00e8me avenueBP345130 Meung-sur-Loire Publications et site internet : AFSP &#8211; Libert\u00e9 politiqueZone industrielle synergie45, 5\u00e8me avenueBP345130 Meung-sur-LoireE-mail : contact(arobase)libertepolitique.com","og_url":"https:\/\/www.libertepolitique.com\/index.php\/contact\/","og_site_name":"Blog","article_publisher":"https:\/\/www.facebook.com\/LiberTPolitique","article_modified_time":"2025-07-26T22:36:24+00:00","twitter_card":"summary_large_image","twitter_site":"@LiberTPolitique","schema":{"@context":"https:\/\/schema.org","@graph":[{"@type":"WebPage","@id":"https:\/\/www.libertepolitique.com\/index.php\/contact\/","url":"https:\/\/www.libertepolitique.com\/index.php\/contact\/","name":"Nous \u00e9crire - Blog","isPartOf":{"@id":"https:\/\/www.libertepolitique.com\/#website"},"datePublished":"2024-12-05T21:04:04+00:00","dateModified":"2025-07-26T22:36:24+00:00","breadcrumb":{"@id":"https:\/\/www.libertepolitique.com\/index.php\/contact\/#breadcrumb"},"inLanguage":"fr-FR","potentialAction":[{"@type":"ReadAction","target":["https:\/\/www.libertepolitique.com\/index.php\/contact\/"]}]},{"@type":"BreadcrumbList","@id":"https:\/\/www.libertepolitique.com\/index.php\/contact\/#breadcrumb","itemListElement":[{"@type":"ListItem","position":1,"name":"Accueil","item":"https:\/\/www.libertepolitique.com\/"},{"@type":"ListItem","position":2,"name":"Nous \u00e9crire"}]},{"@type":"WebSite","@id":"https:\/\/www.libertepolitique.com\/#website","url":"https:\/\/www.libertepolitique.com\/","name":"Libert\u00e9 Politique","description":"Laboratoire d&#039;id\u00e9es au service du Bien Commun","publisher":{"@id":"https:\/\/www.libertepolitique.com\/#organization"},"potentialAction":[{"@type":"SearchAction","target":{"@type":"EntryPoint","urlTemplate":"https:\/\/www.libertepolitique.com\/?s={search_term_string}"},"query-input":{"@type":"PropertyValueSpecification","valueRequired":true,"valueName":"search_term_string"}}],"inLanguage":"fr-FR"},{"@type":"Organization","@id":"https:\/\/www.libertepolitique.com\/#organization","name":"Libert\u00e9 Politique","url":"https:\/\/www.libertepolitique.com\/","logo":{"@type":"ImageObject","inLanguage":"fr-FR","@id":"https:\/\/www.libertepolitique.com\/#\/schema\/logo\/image\/","url":"https:\/\/www.libertepolitique.com\/wp-content\/uploads\/2024\/12\/logo-LP-vDEF.png","contentUrl":"https:\/\/www.libertepolitique.com\/wp-content\/uploads\/2024\/12\/logo-LP-vDEF.png","width":1886,"height":1880,"caption":"Libert\u00e9 Politique"},"image":{"@id":"https:\/\/www.libertepolitique.com\/#\/schema\/logo\/image\/"},"sameAs":["https:\/\/www.facebook.com\/LiberTPolitique","https:\/\/x.com\/LiberTPolitique"]}]}},"_links":{"self":[{"href":"https:\/\/www.libertepolitique.com\/index.php\/wp-json\/wp\/v2\/pages\/10","targetHints":{"allow":["GET"]}}],"collection":[{"href":"https:\/\/www.libertepolitique.com\/index.php\/wp-json\/wp\/v2\/pages"}],"about":[{"href":"https:\/\/www.libertepolitique.com\/index.php\/wp-json\/wp\/v2\/types\/page"}],"author":[{"embeddable":true,"href":"https:\/\/www.libertepolitique.com\/index.php\/wp-json\/wp\/v2\/users\/1"}],"replies":[{"embeddable":true,"href":"https:\/\/www.libertepolitique.com\/index.php\/wp-json\/wp\/v2\/comments?post=10"}],"version-history":[{"count":17,"href":"https:\/\/www.libertepolitique.com\/index.php\/wp-json\/wp\/v2\/pages\/10\/revisions"}],"predecessor-version":[{"id":1567,"href":"https:\/\/www.libertepolitique.com\/index.php\/wp-json\/wp\/v2\/pages\/10\/revisions\/1567"}],"wp:attachment":[{"href":"https:\/\/www.libertepolitique.com\/index.php\/wp-json\/wp\/v2\/media?parent=10"}],"curies":[{"name":"wp","href":"https:\/\/api.w.org\/{rel}","templated":true}]}}